{"id":283,"date":"2020-02-20T11:53:39","date_gmt":"2020-02-20T10:53:39","guid":{"rendered":"https:\/\/ramonescale.com\/?page_id=283"},"modified":"2021-04-28T16:25:53","modified_gmt":"2021-04-28T14:25:53","slug":"formacio","status":"publish","type":"page","link":"https:\/\/ramonescale.com\/ca\/formacio\/","title":{"rendered":"Formaci\u00f3"},"content":{"rendered":"\n<div class=\"wp-block-cover alignfull has-background-dim-40 has-background-dim has-parallax\" style=\"background-image:url(https:\/\/ramonescale.com\/wp-content\/uploads\/sites\/2\/2020\/02\/training-01-cropped.jpg);background-color:#d0d600\"><div class=\"wp-block-cover__inner-container is-layout-flow wp-block-cover-is-layout-flow\">\n<p class=\"has-text-align-center has-large-font-size\">Connecta amb el teu \u201ccantant interior\u201d<\/p>\n<\/div><\/div>\n\n\n\n<div style=\"height:50px\" aria-hidden=\"true\" class=\"wp-block-spacer\"><\/div>\n\n\n\n<p>La vida, i la causalitat m\u2019han portat a tenir l\u2019inmens privilegi de col.laborar amb alguns dels m\u00e9s grans representants del gospel que m\u2019han ensenyat i guiat, fins arribar a abra\u00e7ar-lo com a propi i vital, com quelcom que avui forma part de mi profundament.<\/p>\n\n\n\n<p>Al llarg d\u2019anys d\u2019aprenentatge i viv\u00e8ncies, he anat adquirint un coneixement te\u00f2ric, musical i vivencial del gospel que -gr\u00e0cies a l\u2019experi\u00e8ncia en la realitzaci\u00f3 de m\u00e9s de 300 workshops per tot el m\u00f3n i a trav\u00e9s de l\u2019experimentaci\u00f3 amb milers de cantants-, ha donat lloc a una filosofia pedag\u00f2gica en la que les <strong>emocions, <\/strong>el <strong>\u201ctenir\u201d alguna cosa a dir, comunicar i compartir <\/strong>s\u2019han convertit en l\u2019ess\u00e8ncia de la meva manera de transmetre la m\u00fasica i, concretament, el Gospel<\/p>\n\n\n\n<div class=\"wp-block-cover alignfull has-background-dim has-parallax\" style=\"background-image:url(https:\/\/ramonescale.com\/wp-content\/uploads\/sites\/2\/2020\/02\/training-02-cropped.jpg);background-color:#d0d600\"><div class=\"wp-block-cover__inner-container is-layout-flow wp-block-cover-is-layout-flow\">\n<p class=\"has-text-align-center has-large-font-size\">En els workshops i cursos que tinc el plaer d\u2019impartir&#8230;<\/p>\n<\/div><\/div>\n\n\n\n<div style=\"height:50px\" aria-hidden=\"true\" class=\"wp-block-spacer\"><\/div>\n\n\n\n<h3 class=\"has-text-align-center wp-block-heading\">Faig molt d\u2019\u00e8nfasi en aquesta filosofia:<\/h3>\n\n\n\n<div class=\"wp-block-columns is-layout-flex wp-container-core-columns-is-layout-9d6595d7 wp-block-columns-is-layout-flex\">\n<div class=\"wp-block-column is-layout-flow wp-block-column-is-layout-flow\">\n<ul class=\"wp-block-list\"><li>Viure la m\u00fasica des de l\u2019alegria i l\u2019entrega<\/li><li>Aprendre a cantar des de \u201cdins\u201d<\/li><li>Viure \u00fanicament el moment present a trav\u00e9s de les profundes emocions que es generen al cantar.<\/li><li>Formar part d\u2019una cosa indefinible i al mateix temps tan real i poderosa com \u00e9s un grup hum\u00e0 connectat a trav\u00e9s del s\u00f2 de la veu.<\/li><\/ul>\n<\/div>\n\n\n\n<div class=\"wp-block-column is-layout-flow wp-block-column-is-layout-flow\">\n<ul class=\"wp-block-list\"><li>Aprofundir des de la pr\u00e0ctica en totes les facetes musicals i emocionals que conformen el gospel.<\/li><li>Comprendre el missatge universal del gospel m\u00e9s enll\u00e0 de les diferents creences i proced\u00e8ncies.&nbsp;<\/li><li>Entendre les estructures obertes i el llenguatge intern que el conformen.<\/li><\/ul>\n<\/div>\n<\/div>\n\n\n\n<div class=\"wp-block-columns is-layout-flex wp-container-core-columns-is-layout-9d6595d7 wp-block-columns-is-layout-flex\">\n<div class=\"wp-block-column is-layout-flow wp-block-column-is-layout-flow\">\n<h3 class=\"has-text-align-center wp-block-heading\">Workshops formaci\u00f3 de corals<\/h3>\n\n\n\n<div class=\"wp-block-button aligncenter\"><a class=\"wp-block-button__link\" href=\"https:\/\/ramonescale.com\/ca\/formacio\/workshops\/\">Veure Workshops<\/a><\/div>\n<\/div>\n\n\n\n<div class=\"wp-block-column is-layout-flow wp-block-column-is-layout-flow\">\n<h3 class=\"has-text-align-center wp-block-heading\">Cursos<\/h3>\n\n\n\n<div class=\"wp-block-button aligncenter\"><a class=\"wp-block-button__link\" href=\"https:\/\/ramonescale.com\/ca\/formacio\/cursos\/\">Veure Cursos<\/a><\/div>\n<\/div>\n<\/div>\n\n\n\n<hr class=\"wp-block-separator\" \/>\n\n\n\n<h2 class=\"has-text-align-center wp-block-heading\">Testimonis<\/h2>\n\n\n\n<div class=\"wp-block-columns alignwide is-layout-flex wp-container-core-columns-is-layout-9d6595d7 wp-block-columns-is-layout-flex\">\n<div class=\"wp-block-column is-layout-flow wp-block-column-is-layout-flow\">\n<blockquote class=\"wp-block-quote is-layout-flow wp-block-quote-is-layout-flow\"><p>Aprendre amb el Ramon \u00e9s molt f\u00e0cil, ja que transmet amb claredat. Les seves aportacions i exercicis ajuden a prendre consci\u00e8ncia i a agafar confian\u00e7a poc a poc. Ramon \u00e9s innovador, la seva forma d\u2019entendre i viure la m\u00fasica \u00e9s totalment lliure, sense prejudicis i aix\u00f2 ajuda a que la sentis teva tamb\u00e9. \u00c9s aut\u00e8ntic, no pret\u00e9n \u00e9sser ning\u00fa, ni donar lli\u00e7ons, nom\u00e9s compartir el que sent i aix\u00f2 s\u2019encomana. Per mi, \u00e9s un home avan\u00e7at al seu temps amb moltes idees al cap\u2026, algunes un pel esbojarrades de vegades!<\/p><cite>Esmeralda Morral. Alumna<\/cite><\/blockquote>\n<\/div>\n\n\n\n<div class=\"wp-block-column is-layout-flow wp-block-column-is-layout-flow\">\n<blockquote class=\"wp-block-quote is-layout-flow wp-block-quote-is-layout-flow\"><p>Quan en Ramon parla del que significa el gospel o la m\u00fasica en general aconsegueix que qui l\u2019escolti vulgui sentir el mateix i saber tant com ell. T\u00e9 la capacitat de comunicar i transmetre la sensibilitat que per mi tenen els bons m\u00fasics. De vegades els m\u00fasics poden ser molt bons per\u00f2 no arribar al cor de qui els escolta.<\/p><cite>Lola Alarc\u00f3n. Alumna<\/cite><\/blockquote>\n<\/div>\n\n\n\n<div class=\"wp-block-column is-layout-flow wp-block-column-is-layout-flow\">\n<blockquote class=\"wp-block-quote is-layout-flow wp-block-quote-is-layout-flow\"><p>En Ramon transmet energia positiva i fa que confi\u00ef en mi mateix. Sap explicar all\u00f2 que vol transmetre d\u2019una manera senzilla que ajuda i motiva. Sap ser molt proper i situar-se a la mateixa al\u00e7ada que l\u2019alumne, fent servir sovint una ironia divertida que ajuda a trencar possibles barreres.<\/p><cite>Xavi T\u00farnez. Alumne<\/cite><\/blockquote>\n<\/div>\n<\/div>\n\n\n\n<p><\/p>\n","protected":false},"excerpt":{"rendered":"<p>La vida, i la causalitat m\u2019han portat a tenir l\u2019inmens privilegi de col.laborar amb alguns dels m\u00e9s grans representants del gospel que m\u2019han ensenyat i guiat, fins arribar a abra\u00e7ar-lo com a propi i vital, com quelcom que avui forma part de mi profundament. Al llarg d\u2019anys d\u2019aprenentatge i viv\u00e8ncies, he anat adquirint un coneixement [&hellip;]<\/p>\n","protected":false},"author":1,"featured_media":0,"parent":0,"menu_order":4,"comment_status":"closed","ping_status":"closed","template":"","meta":{"_editorskit_title_hidden":false,"_editorskit_reading_time":2,"_editorskit_is_block_options_detached":false,"_editorskit_block_options_position":"{}","_genesis_hide_title":false,"_genesis_hide_breadcrumbs":false,"_genesis_hide_singular_image":false,"_genesis_hide_footer_widgets":false,"_genesis_custom_body_class":"","_genesis_custom_post_class":"","_genesis_layout":"","editor_notices":[],"footnotes":""},"class_list":{"0":"post-283","1":"page","2":"type-page","3":"status-publish","5":"entry"},"_links":{"self":[{"href":"https:\/\/ramonescale.com\/ca\/wp-json\/wp\/v2\/pages\/283","targetHints":{"allow":["GET"]}}],"collection":[{"href":"https:\/\/ramonescale.com\/ca\/wp-json\/wp\/v2\/pages"}],"about":[{"href":"https:\/\/ramonescale.com\/ca\/wp-json\/wp\/v2\/types\/page"}],"author":[{"embeddable":true,"href":"https:\/\/ramonescale.com\/ca\/wp-json\/wp\/v2\/users\/1"}],"replies":[{"embeddable":true,"href":"https:\/\/ramonescale.com\/ca\/wp-json\/wp\/v2\/comments?post=283"}],"version-history":[{"count":36,"href":"https:\/\/ramonescale.com\/ca\/wp-json\/wp\/v2\/pages\/283\/revisions"}],"predecessor-version":[{"id":713,"href":"https:\/\/ramonescale.com\/ca\/wp-json\/wp\/v2\/pages\/283\/revisions\/713"}],"wp:attachment":[{"href":"https:\/\/ramonescale.com\/ca\/wp-json\/wp\/v2\/media?parent=283"}],"curies":[{"name":"wp","href":"https:\/\/api.w.org\/{rel}","templated":true}]}}