{"id":435,"date":"2020-03-04T16:59:49","date_gmt":"2020-03-04T15:59:49","guid":{"rendered":"https:\/\/ramonescale.com\/?page_id=435"},"modified":"2025-05-20T10:23:37","modified_gmt":"2025-05-20T08:23:37","slug":"time-to-gospel","status":"publish","type":"page","link":"https:\/\/ramonescale.com\/ca\/espectacles\/time-to-gospel\/","title":{"rendered":"Life Celebration"},"content":{"rendered":"\n<h2 class=\"has-text-align-center wp-block-heading\">Descripci\u00f3 de l&#8217;espectacle<\/h2>\n\n\n\n<p>Sota la direcci\u00f3 de Ramon Escal\u00e9, neix Goizargi Gospel Choir, un cor de gospel format per dotze de les millors veus d\u2019Euskadi.<\/p>\n\n\n\n<p>Amb representaci\u00f3 de tot el territori basc, GCG est\u00e0 encaminat, per la seva energia, la seva for\u00e7a i la seva qualitat, a ser una de les refer\u00e8ncies d\u2019aquest g\u00e8nere que est\u00e0 emergint amb molta for\u00e7a en el panorama musical d\u2019Euskadi. Prova d\u2019aix\u00f2, van ser els sold out en el seu debut al Teatre de Barakaldo i a l\u2019Euskalduna de Bilbao.<\/p>\n\n\n\n<p>Us convidem a gaudir d\u2019un espectacle ple de m\u00fasica, moviment i una cuidada posada en escena.<\/p>\n\n\n\n<p><strong>Durada: <\/strong>75 minuts aprox.<\/p>\n\n\n\n<h3 class=\"wp-block-heading\"><strong>Formaci\u00f3<\/strong>:<\/h3>\n\n\n\n<ul class=\"wp-block-list\"><li><strong>Cor de 12 veus: <\/strong>Goizargi Gospel Choir<\/li><li><strong>Baix el\u00e8ctric: <\/strong>Jon Carranza<\/li><li><strong>Bateria: <\/strong>Aritza Castro\u00a0<\/li><li><strong>Teclats i direcci\u00f3:<\/strong> Ramon Escal\u00e9<\/li><\/ul>\n\n\n\n<h3 class=\"wp-block-heading\">Videos<\/h3>\n\n\n\n<p><strong><strong>Life Celebration. Teatro Campos El\u00edseos<\/strong>&nbsp;(Bilbao) Marzo 2022<\/strong><\/p>\n\n\n\n<figure class=\"wp-block-embed is-type-video is-provider-youtube wp-block-embed-youtube wp-embed-aspect-16-9 wp-has-aspect-ratio\"><div class=\"wp-block-embed__wrapper\">\n<iframe loading=\"lazy\" title=\"JESUS WILL (James Cleveland) Goizargi Gospel Choir. Ramon Escal\u00e9: Direcci\u00f3n\" width=\"700\" height=\"394\" src=\"https:\/\/www.youtube.com\/embed\/obRS5zwayg0?feature=oembed\" frameborder=\"0\" allow=\"accelerometer; autoplay; clipboard-write; encrypted-media; gyroscope; picture-in-picture\" allowfullscreen><\/iframe>\n<\/div><\/figure>\n\n\n\n<p><strong>Life Celebration. Teatro Campos El\u00edseos<\/strong>&nbsp;(Bilbao) Marzo 2022<\/p>\n\n\n\n<figure class=\"wp-block-embed is-type-video is-provider-youtube wp-block-embed-youtube wp-embed-aspect-16-9 wp-has-aspect-ratio\"><div class=\"wp-block-embed__wrapper\">\n<iframe loading=\"lazy\" title=\"BECAUSE OF WHO YOU ARE\" width=\"700\" height=\"394\" src=\"https:\/\/www.youtube.com\/embed\/Dt5EOYIswbI?feature=oembed\" frameborder=\"0\" allow=\"accelerometer; autoplay; clipboard-write; encrypted-media; gyroscope; picture-in-picture\" allowfullscreen><\/iframe>\n<\/div><\/figure>\n\n\n\n<p><strong><strong>Goizargi Gospel Choir 2021<\/strong><\/strong><\/p>\n\n\n\n<figure class=\"wp-block-embed is-type-video is-provider-youtube wp-block-embed-youtube wp-embed-aspect-16-9 wp-has-aspect-ratio\"><div class=\"wp-block-embed__wrapper\">\n<iframe loading=\"lazy\" title=\"More than anything (Lamar Campbell) Goizargi Gospel Choir Dir: Ramon Escal\u00e9\" width=\"700\" height=\"394\" src=\"https:\/\/www.youtube.com\/embed\/aqPgvXcmAys?feature=oembed\" frameborder=\"0\" allow=\"accelerometer; autoplay; clipboard-write; encrypted-media; gyroscope; picture-in-picture\" allowfullscreen><\/iframe>\n<\/div><\/figure>\n","protected":false},"excerpt":{"rendered":"<p>Descripci\u00f3 de l&#8217;espectacle Sota la direcci\u00f3 de Ramon Escal\u00e9, neix Goizargi Gospel Choir, un cor de gospel format per dotze de les millors veus d\u2019Euskadi. Amb representaci\u00f3 de tot el territori basc, GCG est\u00e0 encaminat, per la seva energia, la seva for\u00e7a i la seva qualitat, a ser una de les refer\u00e8ncies d\u2019aquest g\u00e8nere que [&hellip;]<\/p>\n","protected":false},"author":1,"featured_media":0,"parent":290,"menu_order":0,"comment_status":"closed","ping_status":"closed","template":"","meta":{"_editorskit_title_hidden":false,"_editorskit_reading_time":1,"_editorskit_is_block_options_detached":false,"_editorskit_block_options_position":"{}","_genesis_hide_title":false,"_genesis_hide_breadcrumbs":false,"_genesis_hide_singular_image":false,"_genesis_hide_footer_widgets":false,"_genesis_custom_body_class":"","_genesis_custom_post_class":"","_genesis_layout":"","editor_notices":[],"footnotes":""},"class_list":{"0":"post-435","1":"page","2":"type-page","3":"status-publish","5":"entry"},"_links":{"self":[{"href":"https:\/\/ramonescale.com\/ca\/wp-json\/wp\/v2\/pages\/435","targetHints":{"allow":["GET"]}}],"collection":[{"href":"https:\/\/ramonescale.com\/ca\/wp-json\/wp\/v2\/pages"}],"about":[{"href":"https:\/\/ramonescale.com\/ca\/wp-json\/wp\/v2\/types\/page"}],"author":[{"embeddable":true,"href":"https:\/\/ramonescale.com\/ca\/wp-json\/wp\/v2\/users\/1"}],"replies":[{"embeddable":true,"href":"https:\/\/ramonescale.com\/ca\/wp-json\/wp\/v2\/comments?post=435"}],"version-history":[{"count":9,"href":"https:\/\/ramonescale.com\/ca\/wp-json\/wp\/v2\/pages\/435\/revisions"}],"predecessor-version":[{"id":867,"href":"https:\/\/ramonescale.com\/ca\/wp-json\/wp\/v2\/pages\/435\/revisions\/867"}],"up":[{"embeddable":true,"href":"https:\/\/ramonescale.com\/ca\/wp-json\/wp\/v2\/pages\/290"}],"wp:attachment":[{"href":"https:\/\/ramonescale.com\/ca\/wp-json\/wp\/v2\/media?parent=435"}],"curies":[{"name":"wp","href":"https:\/\/api.w.org\/{rel}","templated":true}]}}