{"id":481,"date":"2020-03-05T17:07:45","date_gmt":"2020-03-05T16:07:45","guid":{"rendered":"https:\/\/ramonescale.com\/?page_id=481"},"modified":"2020-05-28T11:09:31","modified_gmt":"2020-05-28T09:09:31","slug":"one-heart-gospel-festival","status":"publish","type":"page","link":"https:\/\/ramonescale.com\/ca\/events-i-fundacio\/one-heart-gospel-festival\/","title":{"rendered":"One Heart Gospel Festival"},"content":{"rendered":"\n<p>Despr\u00e9s del gran \u00e8xit que va suposar l\u2019anterior edici\u00f3 del <strong>One Heart Festival<\/strong> celebrada a l\u2019abril del 2019, presentem una segona edici\u00f3 de <strong><abbr title=\"One Heart Festival\">OHF<\/abbr><\/strong> amb un format \u00fanic en el panorama musical del nostre pa\u00eds, dedicat \u00edntegrament al gospel.<\/p>\n\n\n\n<p><strong><abbr title=\"One Heart Festival\">OHF<\/abbr><\/strong> \u00e9s molt m\u00e9s que un festival habitual, es un espai on aprendre i interactuar amb les grans figures del gospel internacional.<\/p>\n\n\n\n<hr class=\"wp-block-separator\" \/>\n\n\n\n<p>En un format en el que tots els participants, siguin membres d\u2019un cor o acudeixin individualment, aprendran i milloraran les seves habilitats interpretatives i vocals, aprofundiran en els aspectes t\u00e8cnics i estil\u00edstics, aix\u00ed com assimilaran nous recursos. Tot aix\u00f2, en un proc\u00e9s d\u2019estar compartint i convivint amb els altres a trav\u00e9s de la m\u00fasica, del gospel perqu\u00e8 aquesta \u00e9s precisament l\u2019ess\u00e8ncia del festival.<\/p>\n\n\n\n<p><strong><abbr title=\"One Heart Festival\">OHF<\/abbr><\/strong> \u00e9s una gran trobada internacional pels amants del gospel, m\u00e9s enll\u00e0 de les creences, proced\u00e8ncia i tradicions de cadasc\u00fa. Aquest nou festival per la ciutat de Barcelona, vol ser un espai de trobada entre professionals, amateurs i aficionats al g\u00e8nere.<\/p>\n\n\n\n<hr class=\"wp-block-separator\" \/>\n\n\n\n<h3 class=\"wp-block-heading\">Consta de tres apartats principals:<\/h3>\n\n\n\n<ul class=\"wp-block-list\"><li><strong>Congr\u00e9s Europeu<\/strong> de Gospel Choir Directors. Teatre Poliorama.<\/li><li><strong>Activitats:<\/strong> Auditori Axa. Workshops, Forum discussion, Master Class, Service, Open Sessions.<\/li><li><strong>Concerts<\/strong><ul><li><strong>Concert principal: <\/strong>Palau de la M\u00fasica. Smokie Norful, Donald Lawrence, Isaac Cates, Bazil Meade, Ramon Escal\u00e9, European Gospel Choir (format per cantants de tots els pa\u00efsos europeus), Barcelona Gospel Messengers, Goizargi Gospel Choir, Esclat Gospel Singers, One Heart Gospel Choir. <\/li><li><strong>Concerts als barris de Barcelona:<\/strong>. Mas Gospel, Gospel 4 Cors, Twocats pel Gospel.<\/li><\/ul><\/li><\/ul>\n\n\n\n<hr class=\"wp-block-separator\" \/>\n\n\n\n<ul class=\"wp-block-list\"><li><strong>Propera edici\u00f3: <\/strong>18, 19 and 20 September 2020.<\/li><li><strong>Lloc: <\/strong>Barcelona.<\/li><li><strong>Espais <\/strong>Palau de la M\u00fasica Catalana, Auditori Axa y Teatre Poliorama.\u00a0\/ Teatre Jesuites de el Clot, Mas Guinard\u00f3, Casal Loiola<\/li><li><strong>Organitzadors:<\/strong> Ramon Escal\u00e9 and Anexa Espectacles<\/li><li><strong>Col\u00b7laboradors: <\/strong>Esclat Gospel Singers y Messengers\u00a0<\/li><li><strong>Sponsors: <\/strong>Sin aportaciones exteriores.<\/li><li><strong>Antiguitat:<\/strong> 2019.<\/li><li><strong>Artistes convidats: <\/strong>Smokie Norful (USA), Donald Lawrence (USA), Isaac Cates (USA), Bazil Meade (UK), Ramon Escal\u00e9 (CAT\/SPA), European Gospel Choir (EU), Barcelona Gospel Messengers (CAT\/SPA), Goizargi Gospel Choir (EUSK\/SPA), Esclat Gospel Singers (CAT\/SPA), One Heart Gospel Choir (EU).<\/li><li><strong>Format: <\/strong>Cap de setmana<\/li><\/ul>\n\n\n\n<h3 class=\"has-text-align-center wp-block-heading\">Videos<\/h3>\n\n\n\n<figure class=\"wp-block-embed-youtube wp-block-embed is-type-video is-provider-youtube wp-embed-aspect-16-9 wp-has-aspect-ratio\"><div class=\"wp-block-embed__wrapper\">\n<iframe loading=\"lazy\" title=\"One Heart Gospel Festival. Barcelona April 2019\" width=\"700\" height=\"394\" src=\"https:\/\/www.youtube.com\/embed\/qcel7hFEZ2g?feature=oembed\" frameborder=\"0\" allow=\"accelerometer; autoplay; encrypted-media; gyroscope; picture-in-picture\" allowfullscreen><\/iframe>\n<\/div><\/figure>\n\n\n\n<figure class=\"wp-block-embed-youtube wp-block-embed is-type-video is-provider-youtube wp-embed-aspect-16-9 wp-has-aspect-ratio\"><div class=\"wp-block-embed__wrapper\">\n<iframe loading=\"lazy\" title=\"Take it to the Lord in prayer. (Nolan Williams). Messengers &amp; Goizargi Gospel Choir\" width=\"700\" height=\"394\" src=\"https:\/\/www.youtube.com\/embed\/EeEdpRDFGrA?feature=oembed\" frameborder=\"0\" allow=\"accelerometer; autoplay; encrypted-media; gyroscope; picture-in-picture\" allowfullscreen><\/iframe>\n<\/div><\/figure>\n\n\n\n<figure class=\"wp-block-embed-youtube wp-block-embed is-type-video is-provider-youtube wp-embed-aspect-16-9 wp-has-aspect-ratio\"><div class=\"wp-block-embed__wrapper\">\n<iframe loading=\"lazy\" title=\"The Blessing of Abraham (Donald Lawrence). Messengers &amp; Goizargi GC featuring Donald Lawrence\" width=\"700\" height=\"394\" src=\"https:\/\/www.youtube.com\/embed\/qTQE72j5qFo?feature=oembed\" frameborder=\"0\" allow=\"accelerometer; autoplay; encrypted-media; gyroscope; picture-in-picture\" allowfullscreen><\/iframe>\n<\/div><\/figure>\n\n\n\n<p><strong>Web i com apuntar-se: <\/strong><a rel=\"noreferrer noopener\" aria-label=\" (opens in a new tab)\" href=\"https:\/\/oneheartfestival.net\/\" target=\"_blank\">https:\/\/oneheartfestival.net\/<\/a><\/p>\n","protected":false},"excerpt":{"rendered":"<p>Despr\u00e9s del gran \u00e8xit que va suposar l\u2019anterior edici\u00f3 del One Heart Festival celebrada a l\u2019abril del 2019, presentem una segona edici\u00f3 de OHF amb un format \u00fanic en el panorama musical del nostre pa\u00eds, dedicat \u00edntegrament al gospel. OHF \u00e9s molt m\u00e9s que un festival habitual, es un espai on aprendre i interactuar amb [&hellip;]<\/p>\n","protected":false},"author":1,"featured_media":0,"parent":296,"menu_order":0,"comment_status":"closed","ping_status":"closed","template":"","meta":{"_editorskit_title_hidden":false,"_editorskit_reading_time":1,"_editorskit_is_block_options_detached":false,"_editorskit_block_options_position":"{}","_genesis_hide_title":false,"_genesis_hide_breadcrumbs":false,"_genesis_hide_singular_image":false,"_genesis_hide_footer_widgets":false,"_genesis_custom_body_class":"","_genesis_custom_post_class":"","_genesis_layout":"","editor_notices":[],"footnotes":""},"class_list":{"0":"post-481","1":"page","2":"type-page","3":"status-publish","5":"entry"},"_links":{"self":[{"href":"https:\/\/ramonescale.com\/ca\/wp-json\/wp\/v2\/pages\/481","targetHints":{"allow":["GET"]}}],"collection":[{"href":"https:\/\/ramonescale.com\/ca\/wp-json\/wp\/v2\/pages"}],"about":[{"href":"https:\/\/ramonescale.com\/ca\/wp-json\/wp\/v2\/types\/page"}],"author":[{"embeddable":true,"href":"https:\/\/ramonescale.com\/ca\/wp-json\/wp\/v2\/users\/1"}],"replies":[{"embeddable":true,"href":"https:\/\/ramonescale.com\/ca\/wp-json\/wp\/v2\/comments?post=481"}],"version-history":[{"count":5,"href":"https:\/\/ramonescale.com\/ca\/wp-json\/wp\/v2\/pages\/481\/revisions"}],"predecessor-version":[{"id":664,"href":"https:\/\/ramonescale.com\/ca\/wp-json\/wp\/v2\/pages\/481\/revisions\/664"}],"up":[{"embeddable":true,"href":"https:\/\/ramonescale.com\/ca\/wp-json\/wp\/v2\/pages\/296"}],"wp:attachment":[{"href":"https:\/\/ramonescale.com\/ca\/wp-json\/wp\/v2\/media?parent=481"}],"curies":[{"name":"wp","href":"https:\/\/api.w.org\/{rel}","templated":true}]}}