{"id":679,"date":"2021-02-09T11:42:05","date_gmt":"2021-02-09T10:42:05","guid":{"rendered":"https:\/\/ramonescale.com\/ca\/?page_id=679"},"modified":"2024-05-01T16:04:58","modified_gmt":"2024-05-01T14:04:58","slug":"simfonic-gospel","status":"publish","type":"page","link":"https:\/\/ramonescale.com\/ca\/espectacles\/simfonic-gospel\/","title":{"rendered":"Simf\u00f2nic Gospel"},"content":{"rendered":"\n<h2 class=\"wp-block-heading has-text-align-center\">Descripci\u00f3 de l&#8217;espectacle<\/h2>\n\n\n\n<p class=\"has-text-align-center\">Poques vegades formacions i llenguatges tan diferents com els que representen la Banda Simf\u00f2nica i un cor de Gospel, arriben a dialogar i interactuar entre elles amb fluidesa, per\u00f2 en una \u00e8poca com l\u2019actual en la que els l\u00edmits s\u00f3n cada vegada m\u00e9s difusos i els nous trets d\u2019identitat s\u00f3n precisament la globalitat i la proximitat de viv\u00e8ncies art\u00edstiques aparentment llunyanes, \u00e9s quan i on les fronteres es dilueixen i nom\u00e9s el risc i la qualitat s\u00f3n les credencials que defineixen apassionants i imprevisibles nous viatges musicals.<\/p>\n\n\n\n<p class=\"has-text-align-center\">En el marc d\u2019aquesta manera d\u2019entendre la m\u00fasica, ambdues formacions ens proposen un mestissatge musical amb poqu\u00edssimes refer\u00e8ncies, on la for\u00e7a d\u2019una m\u00fasica com el Gospel, que neix en el m\u00e9s profund de l\u2019\u00e0nima s\u2019engalana amb l\u2019enorme riquesa dels colors t\u00edmbrics d\u2019una gran formaci\u00f3 orquestral com la Banda<\/p>\n\n\n\n<p class=\"has-text-align-center\">Si alguna cosa t\u00e9 el Gospel, \u00e9s proximitat, calidesa, missatge, energia, pot\u00e8ncia, subtilesa i tot aix\u00f2 es fa pal\u00e8s en els arranjaments originals que permeten que dues idees, d\u2019entrada, diferents s\u2019entre s\u00ed, s\u2019apropin i s\u2019entrellacin amb naturalitat. La complicitat \u00e9s total entre la m\u00fasica, les veus i la banda.<br><br><em>Aquest concert s&#8217;ha fet a <strong>L&#8217;Auditori de Barcelona<\/strong> (desembre del 2021 i mar\u00e7 del 2023), al <strong>Teatre Arriaga de Bilbao<\/strong>, al <strong>Teatre principal de Val\u00e8ncia<\/strong>, al <strong>Gran Teatre d&#8217;Alzira<\/strong> (aquestes dues amb la col\u00b7laboraci\u00f3 estel\u00b7lar del quintet <strong>Spanish Brass<\/strong>) a la <strong>Plaza Nueva de Bilbao<\/strong>, al <strong>Teatre Tarragona<\/strong> i a les <strong>Santes de Matar\u00f3<\/strong> entre d&#8217;altres sota la batuta dels mestres <strong>Pascual Vilaplana, Rafael Sanz-Espert, Pere Bono i Jordi Masip<\/strong><\/em><\/p>\n\n\n\n<p><strong>Durada: <\/strong>75 minuts aprox.<\/p>\n\n\n\n<h3 class=\"wp-block-heading\"><strong>Formaci\u00f3<\/strong>:<\/h3>\n\n\n\n<ul class=\"wp-block-list\">\n<li>Banda Simf\u00f2nica<\/li>\n\n\n\n<li>Barcelona Gospel Messengers<\/li>\n\n\n\n<li>Drums: Andreu Moreno<\/li>\n\n\n\n<li>Arranjaments, direcci\u00f3 coral &amp; Hammond Organ:<strong> <\/strong>Ramon Escal\u00e9<\/li>\n<\/ul>\n\n\n\n<h3 class=\"wp-block-heading\">Videos<\/h3>\n\n\n\n<p>Teaser Symphonic Gospel. L&#8217;Auditori de Barcelona. Desembre 2020\/ Mar\u00e7 2023<\/p>\n\n\n\n<figure class=\"wp-block-embed is-type-video is-provider-youtube wp-block-embed-youtube wp-embed-aspect-16-9 wp-has-aspect-ratio\"><div class=\"wp-block-embed__wrapper\">\n<iframe loading=\"lazy\" title=\"TEASER SYMPHONIC GOSPEL\" width=\"700\" height=\"394\" src=\"https:\/\/www.youtube.com\/embed\/q1k2gzw1ax4?feature=oembed\" frameborder=\"0\" allow=\"accelerometer; autoplay; clipboard-write; encrypted-media; gyroscope; picture-in-picture; web-share\" referrerpolicy=\"strict-origin-when-cross-origin\" allowfullscreen><\/iframe>\n<\/div><\/figure>\n\n\n\n<p>Satan we&#8217;re gonna tear your kingdom down. L&#8217;Auditori de Barcelona. Desembre 2020<\/p>\n\n\n\n<figure class=\"wp-block-embed is-type-video is-provider-youtube wp-block-embed-youtube wp-embed-aspect-16-9 wp-has-aspect-ratio\"><div class=\"wp-block-embed__wrapper\">\n<iframe loading=\"lazy\" title=\"SATAN WE&#039;RE GONNA TEAR YOUR KINGDOM DOWN (Shirley Caesar) Ramon Escal\u00e9 Messengers &amp; Banda Barcelona\" width=\"700\" height=\"394\" src=\"https:\/\/www.youtube.com\/embed\/BEFH8ozpGtg?feature=oembed\" frameborder=\"0\" allow=\"accelerometer; autoplay; clipboard-write; encrypted-media; gyroscope; picture-in-picture; web-share\" referrerpolicy=\"strict-origin-when-cross-origin\" allowfullscreen><\/iframe>\n<\/div><\/figure>\n\n\n\n<p>Take it to the Lord in prayer. L\u2019Auditori de Barcelona. Desembre 2021<\/p>\n\n\n\n<figure class=\"wp-block-embed is-type-video is-provider-youtube wp-block-embed-youtube wp-embed-aspect-16-9 wp-has-aspect-ratio\"><div class=\"wp-block-embed__wrapper\">\n<iframe loading=\"lazy\" title=\"TAKE IT TO THE LORD IN PRAYER (N.Williams) Arr.R.Escal\u00e9. Messengers &amp; Banda Municipal de Barcelona.\" width=\"700\" height=\"394\" src=\"https:\/\/www.youtube.com\/embed\/en4jPlI1Jpo?feature=oembed\" frameborder=\"0\" allow=\"accelerometer; autoplay; clipboard-write; encrypted-media; gyroscope; picture-in-picture; web-share\" referrerpolicy=\"strict-origin-when-cross-origin\" allowfullscreen><\/iframe>\n<\/div><\/figure>\n\n\n\n<p>I Believe. L&#8217;Auditori de Barcelona. Desembre 2021<\/p>\n\n\n\n<figure class=\"wp-block-embed is-type-video is-provider-youtube wp-block-embed-youtube wp-embed-aspect-16-9 wp-has-aspect-ratio\"><div class=\"wp-block-embed__wrapper\">\n<iframe loading=\"lazy\" title=\"I BELIEVE (John P.Kee) Arr. Ramon Escal\u00e9 Messengers &amp; Banda Municipal de Barcelona.\" width=\"700\" height=\"394\" src=\"https:\/\/www.youtube.com\/embed\/T2BlMIlcfM8?feature=oembed\" frameborder=\"0\" allow=\"accelerometer; autoplay; clipboard-write; encrypted-media; gyroscope; picture-in-picture; web-share\" referrerpolicy=\"strict-origin-when-cross-origin\" allowfullscreen><\/iframe>\n<\/div><\/figure>\n\n\n\n<p><\/p>\n","protected":false},"excerpt":{"rendered":"<p>Descripci\u00f3 de l&#8217;espectacle Poques vegades formacions i llenguatges tan diferents com els que representen la Banda Simf\u00f2nica i un cor de Gospel, arriben a dialogar i interactuar entre elles amb fluidesa, per\u00f2 en una \u00e8poca com l\u2019actual en la que els l\u00edmits s\u00f3n cada vegada m\u00e9s difusos i els nous trets d\u2019identitat s\u00f3n precisament la [&hellip;]<\/p>\n","protected":false},"author":2,"featured_media":0,"parent":290,"menu_order":0,"comment_status":"closed","ping_status":"closed","template":"","meta":{"_editorskit_title_hidden":false,"_editorskit_reading_time":1,"_editorskit_is_block_options_detached":false,"_editorskit_block_options_position":"{}","_genesis_hide_title":false,"_genesis_hide_breadcrumbs":false,"_genesis_hide_singular_image":false,"_genesis_hide_footer_widgets":false,"_genesis_custom_body_class":"","_genesis_custom_post_class":"","_genesis_layout":"","editor_notices":[],"footnotes":""},"class_list":{"0":"post-679","1":"page","2":"type-page","3":"status-publish","5":"entry"},"_links":{"self":[{"href":"https:\/\/ramonescale.com\/ca\/wp-json\/wp\/v2\/pages\/679","targetHints":{"allow":["GET"]}}],"collection":[{"href":"https:\/\/ramonescale.com\/ca\/wp-json\/wp\/v2\/pages"}],"about":[{"href":"https:\/\/ramonescale.com\/ca\/wp-json\/wp\/v2\/types\/page"}],"author":[{"embeddable":true,"href":"https:\/\/ramonescale.com\/ca\/wp-json\/wp\/v2\/users\/2"}],"replies":[{"embeddable":true,"href":"https:\/\/ramonescale.com\/ca\/wp-json\/wp\/v2\/comments?post=679"}],"version-history":[{"count":16,"href":"https:\/\/ramonescale.com\/ca\/wp-json\/wp\/v2\/pages\/679\/revisions"}],"predecessor-version":[{"id":857,"href":"https:\/\/ramonescale.com\/ca\/wp-json\/wp\/v2\/pages\/679\/revisions\/857"}],"up":[{"embeddable":true,"href":"https:\/\/ramonescale.com\/ca\/wp-json\/wp\/v2\/pages\/290"}],"wp:attachment":[{"href":"https:\/\/ramonescale.com\/ca\/wp-json\/wp\/v2\/media?parent=679"}],"curies":[{"name":"wp","href":"https:\/\/api.w.org\/{rel}","templated":true}]}}