{"id":392,"date":"2020-03-04T14:39:47","date_gmt":"2020-03-04T13:39:47","guid":{"rendered":"https:\/\/ramonescale.com\/?page_id=392"},"modified":"2020-05-19T20:53:03","modified_gmt":"2020-05-19T18:53:03","slug":"workshops","status":"publish","type":"page","link":"https:\/\/ramonescale.com\/es\/formacion\/workshops\/","title":{"rendered":"Workshops"},"content":{"rendered":"\n<h2 class=\"wp-block-heading\">Workshops formaci\u00f3n de coros<\/h2>\n\n\n\n<ul class=\"wp-block-list\"><li><a href=\"#Gospel-Spirituals\" class=\"ek-link\">Gospel &amp; Spirituals<\/a><\/li><li><a href=\"#Old-Gospel-School\">Old Gospel School<\/a><\/li><li><a href=\"#Contemporary-Gospel\">Contemporary Gospel<\/a><\/li><li><a href=\"#Spirituals-a-Capella\">Spirituals a Capella<\/a><\/li><li><a href=\"#African-Gospel\">African Gospel<\/a><\/li><\/ul>\n\n\n\n<h3 class=\"wp-block-heading\"><strong>Metodolog\u00eda<\/strong>:<\/h3>\n\n\n\n<ul class=\"wp-block-list\"><li>Desarrollar la plena atenci\u00f3n y concentraci\u00f3n en el momento presente a trav\u00e9s de un alto ritmo de aprendizaje y asimilaci\u00f3n.<\/li><li>Integrar en nuestra idiosincrasia \u201coccidental y blanca\u201d algo tan racial y de tradici\u00f3n como es el gospel de ra\u00edz a trav\u00e9s de audiciones y ejercicios pr\u00e1cticos de aplicaci\u00f3n inmediata.<\/li><li>Aprender y sentir el Gospel desde la implicaci\u00f3n musical y emocional..<\/li><li>Se facilitar\u00e1n partituras, links y audios de los temas para su aprendizaje anterior a la realizaci\u00f3n del taller.<\/li><\/ul>\n\n\n\n<h3 class=\"wp-block-heading\"><strong>Herramientas \/ T\u00e9cnicas:<\/strong><\/h3>\n\n\n\n<ul class=\"wp-block-list\"><li>Control y conciencia de la afinaci\u00f3n.<\/li><li>Pr\u00e1ctica y distinci\u00f3n de los distintos colores vocales aplicados en el gospel.<\/li><li>Cantar en la pulsaci\u00f3n r\u00edtmica, \u201cin the pocket\u201d, e interiorizar el concepto de peso r\u00edtmico.<\/li><li>Comprensi\u00f3n y pr\u00e1ctica de los ritmos m\u00e1s habituales: binarios y ternarios.<\/li><li>Control de las din\u00e1micas, acentos, articulaciones, y ligaduras de expresi\u00f3n.<\/li><li>Improvisaci\u00f3n, expresividad e interpretaci\u00f3n.<\/li><li>Conexi\u00f3n r\u00edtmico-corporal.<\/li><\/ul>\n\n\n\n<h3 class=\"wp-block-heading\"><strong>Formato: (a elegir)<\/strong><\/h3>\n\n\n\n<ul class=\"wp-block-list\"><li>Desde sesiones de 6h a Fin de semana completo.<\/li><\/ul>\n\n\n\n<h3 class=\"wp-block-heading\"><strong>Grupos: (a elegir)<\/strong><\/h3>\n\n\n\n<ul class=\"wp-block-list\"><li>Para la creaci\u00f3n de un Choir Workshop es necesario un m\u00ednimo de 25-30 personas.<\/li><\/ul>\n\n\n\n<h3 class=\"wp-block-heading\"><strong>Te interesa si\u2026:<\/strong><\/h3>\n\n\n\n<div class=\"wp-block-columns is-layout-flex wp-container-core-columns-is-layout-9d6595d7 wp-block-columns-is-layout-flex\">\n<div class=\"wp-block-column is-layout-flow wp-block-column-is-layout-flow\">\n<h4 class=\"wp-block-heading\"><strong>Nivel B\u00e1sico<br>(Repertorio 1)<\/strong><\/h4>\n\n\n\n<ul class=\"wp-block-list\"><li><strong>Si en tu interior sientes que quieres cantar<\/strong>\u2026, pero crees que no puedes hacerlo&#8230; \u00a1La m\u00fasica es un derecho universal!<\/li><li>Si cantas en un coro y <strong>tienes curiosidad<\/strong> por saber qu\u00e9 es el gospel.<\/li><li>Si ya cantas en un coro de gospel y quieres <strong>profundizar m\u00e1s<\/strong>.<\/li><\/ul>\n<\/div>\n\n\n\n<div class=\"wp-block-column is-layout-flow wp-block-column-is-layout-flow\">\n<h4 class=\"wp-block-heading\">Nivel Medio o Avanzado <br>(Repertorios 2, 3, 4, 5)<\/h4>\n\n\n\n<ul class=\"wp-block-list\"><li>Si quieres <strong>adquirir conciencia de los recursos t\u00e9cnicos y estil\u00edsticos <\/strong>que conforman este complejo lenguaje emocional y musical, que necesita conectar de manera directa tus emociones con tu interpretaci\u00f3n.<\/li><li>Si quieres <strong>ampliar repertorio y conocer canciones<\/strong> desde los spirituals hasta el gospel contempor\u00e1neo.<\/li><li>Si quieres <strong>profundizar en la comprensi\u00f3n y adquisici\u00f3n<\/strong> de los elementos musicales y emocionales esenciales del gospel.<\/li><\/ul>\n<\/div>\n<\/div>\n\n\n\n<hr class=\"wp-block-separator\" \/>\n\n\n\n<h3 class=\"wp-block-heading\" id=\"Gospel-Spirituals\">Workshop:<br>Gospel &amp; Spirituals<\/h3>\n\n\n\n<ul class=\"wp-block-list\"><li><strong>Formato<\/strong><ul><li>Desde una sesi\u00f3n m\u00ednima de 6h a un fin de semana completo.<\/li><\/ul><\/li><li><strong>Descripci\u00f3n<\/strong><ul><li>Este taller consiste en una visi\u00f3n general de todos los elementos mel\u00f3dicos, r\u00edtmicos y arm\u00f3nicos que confluyen para conformar la genuina idiosincrasia del Gospel.<\/li><li>A partir de este taller general se desarrollan los dem\u00e1s talleres, m\u00e1s especializados.<\/li><\/ul><\/li><li><strong>Nivel requerido<\/strong><ul><li>B\u00e1sico \/ Medio<\/li><\/ul><\/li><li><strong>Repertorio<\/strong><ul><li>Temas emblem\u00e1ticos representativos de las distintas \u00e9pocas del gospel: Souled Out, I will bless the Lord, Jesus promised, Good Father, I can go to God in prayer, Going up yonder, Speak to me<\/li><\/ul><\/li><\/ul>\n\n\n\n<hr class=\"wp-block-separator\" \/>\n\n\n\n<h3 class=\"wp-block-heading\" id=\"Old-Gospel-School\">Workshop:<br>Old Gospel School<\/h3>\n\n\n\n<ul class=\"wp-block-list\"><li><strong>Formato<\/strong><ul><li>Desde una sesi\u00f3n m\u00ednima de 6h a un fin de semana completo.<\/li><\/ul><\/li><li><strong>Descripci\u00f3n<\/strong><ul><li>Este taller es un descubrimiento y profundizaci\u00f3n en el ritmo, el formato, el sonido y el estilo que fueron la base del Gospel que ha llegado hasta nuestros d\u00edas.<\/li><\/ul><\/li><li><strong>Nivel requerido<\/strong><ul><li>B\u00e1sico \/ Medio<\/li><\/ul><\/li><li><strong>Repertorio<\/strong><ul><li>Los or\u00edgenes del Gospel en las iglesias del sur de los USA.&nbsp;<\/li><li>El Gospel m\u00e1s tradicional y de ra\u00edz.<\/li><li>Highway to heaven, I believe, Take a trip, Victory, His blood still works, Gotta have faith, Even to the Lord.<\/li><\/ul><\/li><\/ul>\n\n\n\n<hr class=\"wp-block-separator\" \/>\n\n\n\n<h3 class=\"wp-block-heading\" id=\"Contemporary-Gospel\">Workshop:<br>Contemporary Gospel<\/h3>\n\n\n\n<ul class=\"wp-block-list\"><li><strong>Formato<\/strong><ul><li>Desde una sesi\u00f3n m\u00ednima de 6h a un fin de semana completo.<\/li><\/ul><\/li><li><strong>Descripci\u00f3n<\/strong><ul><li>En este taller constatamos desde la pr\u00e1ctica en el coro, hasta la fulgurante evoluci\u00f3n del Gospel que lo ha llevado a mezclarse con todo tipo de estilos musicales desde una fusi\u00f3n global.<\/li><\/ul><\/li><li><strong>Nivel requerido<\/strong><ul><li>Medio \/ Avanzado<\/li><\/ul><\/li><li><strong>Repertorio<\/strong><ul><li>La fusi\u00f3n del Gospel con todos los estilos musicales contempor\u00e1neos.&nbsp; Take it to the Lord in Prayer, The Blessing of Abraham, Faith, Hosanna, Brighter day, I\u2019ve got a feeling<\/li><\/ul><\/li><\/ul>\n\n\n\n<hr class=\"wp-block-separator\" \/>\n\n\n\n<h3 class=\"wp-block-heading\" id=\"Spirituals-a-Capella\">Workshop:<br>Spirituals a Capella<\/h3>\n\n\n\n<ul class=\"wp-block-list\"><li><strong>Formato<\/strong><ul><li>Desde una sesi\u00f3n m\u00ednima de 6h a un fin de semana completo. <\/li><\/ul><\/li><li><strong>Descripci\u00f3n<\/strong><ul><li>En este taller trabajaremos la mezcla del sonido \u201ccl\u00e1sico\u201d afroamericano, el significado oculto de las sencillas letras y la especial acentuaci\u00f3n r\u00edtmica que dan a los <em>spirituals<\/em> la connotaci\u00f3n de ser la m\u00fasica cl\u00e1sica afroamericana.<\/li><\/ul><\/li><li><strong>Nivel requerido<\/strong><ul><li>Avanzado<\/li><\/ul><\/li><li><strong>Repertorio<\/strong><ul><li>Los spirituals y work songs, la m\u00fasica cl\u00e1sica afroamericana, cantados a capella, como lo fueron en origen. Joshua fit the battle of Jericho, Nobody knows, John the Revelator, Elijah rock, Speak Lord.<\/li><\/ul><\/li><\/ul>\n\n\n\n<hr class=\"wp-block-separator\" \/>\n\n\n\n<h3 class=\"wp-block-heading\" id=\"African-Gospel\">Workshop:<br>African Gospel<\/h3>\n\n\n\n<ul class=\"wp-block-list\"><li><strong>Formato<\/strong><ul><li>Desde una sesi\u00f3n m\u00ednima de 6h a un fin de semana completo.<\/li><\/ul><\/li><li><strong>Descripci\u00f3n<\/strong><ul><li>En este taller analizamos y cantamos la mezcla del Gospel con la tradici\u00f3n africana a trav\u00e9s de la sencillez de uns sonido que toca el alma.<\/li><li>El viaje de ida y vuelta a \u00c1frica.<\/li><\/ul><\/li><li><strong>Nivel requerido<\/strong><ul><li>Medio \/ Avanzado<\/li><\/ul><\/li><li><strong>Repertorio<\/strong><ul><li>Temas de la tradici\u00f3n Xosa, Zul\u00fa, Luganda, Swahili, enraizados en la sonoridad y espiritualidad del Gospel: Hakuna Mungu, Mama Tokaaba, Wahamba Nati, Mbube, Asimbonanga, Ke na le Modisa.<\/li><\/ul><\/li><\/ul>\n\n\n\n<hr class=\"wp-block-separator\" \/>\n\n\n\n<h2 class=\"has-text-align-center wp-block-heading\">Testimonios<\/h2>\n\n\n\n<blockquote class=\"wp-block-quote is-layout-flow wp-block-quote-is-layout-flow\"><p>Ram\u00f3n sabe contagiar su entusiasmo al grupo. Lo elegimos por su experiencia y conocimiento del mundo del gospel. No ense\u00f1a simplemente unas canciones, ense\u00f1a c\u00f3mo transmitir, interiorizar y emocionarse y emocionar a la gente con estas canciones, a trav\u00e9s de las din\u00e1micas, la intensidad, la interpretaci\u00f3n. Otro hecho diferencial es la elecci\u00f3n de repertorio, que hace que en principio sean temas exclusivos y nuevos, y no los t\u00edpicos temas de gospel.<\/p><cite>Juanjo Gasc\u00f3. Alumno<\/cite><\/blockquote>\n","protected":false},"excerpt":{"rendered":"<p>Workshops formaci\u00f3n de coros Gospel &amp; Spirituals Old Gospel School Contemporary Gospel Spirituals a Capella African Gospel Metodolog\u00eda: Desarrollar la plena atenci\u00f3n y concentraci\u00f3n en el momento presente a trav\u00e9s de un alto ritmo de aprendizaje y asimilaci\u00f3n. Integrar en nuestra idiosincrasia \u201coccidental y blanca\u201d algo tan racial y de tradici\u00f3n como es el gospel [&hellip;]<\/p>\n","protected":false},"author":1,"featured_media":0,"parent":283,"menu_order":0,"comment_status":"closed","ping_status":"closed","template":"","meta":{"_editorskit_title_hidden":false,"_editorskit_reading_time":3,"_editorskit_is_block_options_detached":false,"_editorskit_block_options_position":"{}","_genesis_hide_title":false,"_genesis_hide_breadcrumbs":false,"_genesis_hide_singular_image":false,"_genesis_hide_footer_widgets":false,"_genesis_custom_body_class":"","_genesis_custom_post_class":"","_genesis_layout":"","editor_notices":[],"footnotes":""},"class_list":{"0":"post-392","1":"page","2":"type-page","3":"status-publish","5":"entry"},"_links":{"self":[{"href":"https:\/\/ramonescale.com\/es\/wp-json\/wp\/v2\/pages\/392","targetHints":{"allow":["GET"]}}],"collection":[{"href":"https:\/\/ramonescale.com\/es\/wp-json\/wp\/v2\/pages"}],"about":[{"href":"https:\/\/ramonescale.com\/es\/wp-json\/wp\/v2\/types\/page"}],"author":[{"embeddable":true,"href":"https:\/\/ramonescale.com\/es\/wp-json\/wp\/v2\/users\/1"}],"replies":[{"embeddable":true,"href":"https:\/\/ramonescale.com\/es\/wp-json\/wp\/v2\/comments?post=392"}],"version-history":[{"count":16,"href":"https:\/\/ramonescale.com\/es\/wp-json\/wp\/v2\/pages\/392\/revisions"}],"predecessor-version":[{"id":604,"href":"https:\/\/ramonescale.com\/es\/wp-json\/wp\/v2\/pages\/392\/revisions\/604"}],"up":[{"embeddable":true,"href":"https:\/\/ramonescale.com\/es\/wp-json\/wp\/v2\/pages\/283"}],"wp:attachment":[{"href":"https:\/\/ramonescale.com\/es\/wp-json\/wp\/v2\/media?parent=392"}],"curies":[{"name":"wp","href":"https:\/\/api.w.org\/{rel}","templated":true}]}}