{"id":427,"date":"2020-03-04T16:51:02","date_gmt":"2020-03-04T15:51:02","guid":{"rendered":"https:\/\/ramonescale.com\/?page_id=427"},"modified":"2020-06-11T11:36:10","modified_gmt":"2020-06-11T09:36:10","slug":"gospel-meets-latin","status":"publish","type":"page","link":"https:\/\/ramonescale.com\/es\/espectaculos\/gospel-meets-latin\/","title":{"rendered":"Gospel Meets Latin"},"content":{"rendered":"\n<h2 class=\"has-text-align-center wp-block-heading\">Descripci\u00f3n del espect\u00e1culo<\/h2>\n\n\n\n<p>La Barcelona Big Latin Band, Messengers&nbsp; y London Community Gospel Choir nos presentan un nuevo y atrevido proyecto: partiendo de temas tradicionales y contempor\u00e1neos del gospel se evoluciona hacia arreglos atrevidos y espectaculares que transforman las ra\u00edces del gospel en una nueva sonoridad donde los c\u00e1nticos de la iglesia, los aleluya y los am\u00e9n alcanzan una sabrosa contundencia al ritmo de la clave, los timbales y la descarga.<\/p>\n\n\n\n<p>La atrevida idea de combinar uno de los m\u00e1s poderosos coros de gospel de la Commonwealth con la volc\u00e1nica Big Latin Band del Jamboree convierten este espect\u00e1culo en un vibrante templo del ritmo. Bazil Meade y Ramon Escal\u00e9, art\u00edfices de esta majestuosa profanaci\u00f3n, se han ganado un trocito de cielo en su meritorio empecinamiento en llevar a buen puerto dos mundos tan aparentemente opuestos.<\/p>\n\n\n\n<p>Acomodar los cl\u00e1sicos del g\u00e9nero gospel a la din\u00e1mica latina podr\u00eda llegar a ser un reto dif\u00edcil de superar , pero gracias a la solvencia de unos m\u00fasicos reconocidos en el jazz estatal , la predisposici\u00f3n de unas extraordinarias voces admiradas mundialmente, adaptables a todo tipo de registros y unos arreglos que conceden naturalitad y frescura a este matrimonio de conveniencia , tan arriesgada propuesta se eleva y transmite la magia de su vuelo.<\/p>\n\n\n\n<p>En su repertorio encontramos temas originales de Bazil Meade , director de los LCGC y tambi\u00e9n temas tradicionales vestidos con los arreglos en clave latina de Ramon Escal\u00e9 , ferviente conocedor de los spirituals afroamericanos.<\/p>\n\n\n\n<p>Benny Mor\u00e9 i Mahalia Jackson sonre\u00edan desde el m\u00e1s all\u00e1\u2026..( Pere Pons . Diari Avui)<\/p>\n\n\n\n<p><strong>Duraci\u00f3n: <\/strong>90 minuts aprox.<\/p>\n\n\n\n<h2 class=\"wp-block-heading\">Music Group:<\/h2>\n\n\n\n<p>Barcelona Big Latin Band and the London Community Gospel Choir<\/p>\n\n\n\n<ul class=\"wp-block-list\"><li><strong>Piano &amp; conductor:<\/strong> Ramon Escal\u00e9<\/li><li><strong>Trombone:<\/strong> Albert Costa<\/li><li><strong>Bass trombone: <\/strong>Sergi Verg\u00e9s<\/li><li><strong>Trumpet: <\/strong>David Pastor<\/li><li><strong>Trumpet: <\/strong>Jaume Pe\u00f1a<\/li><li><strong>Trumpet &amp; flugelhorn:<\/strong> Llu\u00eds Figuerola<\/li><li><strong>Alto sax &amp; flute: <\/strong>V\u00edctor de Diego<\/li><li><strong>Tenor sax &amp; soprano sax: <\/strong>Mart\u00ed Serra<\/li><li><strong>Baritone sax &amp; clarinet: <\/strong>Jaume Badrenas<\/li><li><strong>Tenor sax &amp; flute:<\/strong> Gorka Ben\u00edtez<\/li><li><strong>Bass: <\/strong>Isaac Coll<\/li><li><strong>Paila:<\/strong> \u00c0lex Ventura<\/li><li><strong>Conga: <\/strong>Vicen\u00e7 Soler<\/li><li><strong>Bong\u00f3: <\/strong>Quino B\u00e9jar<\/li><\/ul>\n\n\n\n<h3 class=\"wp-block-heading\"><strong>Discograf\u00eda<\/strong>:<\/h3>\n\n\n\n<ul class=\"wp-block-list\"><li>Live ! Festival de Jazz de Barcelona. 1997<\/li><li>Bueno pa gozar. (2001)<\/li><li>Suite Llatina 0.7 (2004)<\/li><li>Pavana Club ( 2013)<\/li><\/ul>\n\n\n\n<h3 class=\"wp-block-heading\">V\u00eddeos:<\/h3>\n\n\n\n<p><strong>Teaser. Teatre Grec Montju\u00efc. Julio 2019:&nbsp;<\/strong><\/p>\n\n\n\n<figure class=\"wp-block-embed-youtube wp-block-embed is-type-video is-provider-youtube wp-embed-aspect-16-9 wp-has-aspect-ratio\"><div class=\"wp-block-embed__wrapper\">\n<iframe loading=\"lazy\" title=\"GOSPEL MEETS LATIN. Teaser. Teatre Grec (Barcelona) 23 de juliol del 2019\" width=\"700\" height=\"394\" src=\"https:\/\/www.youtube.com\/embed\/auwmMS5GB4U?feature=oembed\" frameborder=\"0\" allow=\"accelerometer; autoplay; clipboard-write; encrypted-media; gyroscope; picture-in-picture\" allowfullscreen><\/iframe>\n<\/div><\/figure>\n\n\n\n<p><strong>Full concert. Teatre Grec Montju\u00efc. Julio 2019:\u00a0<\/strong><\/p>\n\n\n\n<figure class=\"wp-block-embed-youtube wp-block-embed is-type-video is-provider-youtube wp-embed-aspect-16-9 wp-has-aspect-ratio\"><div class=\"wp-block-embed__wrapper\">\n<iframe loading=\"lazy\" title=\"GOSPEL MEETS LATIN (Full Concert) London Community GC\/Messengers\/ Bcn Big Latin Band. 23\/07\/2019\" width=\"700\" height=\"394\" src=\"https:\/\/www.youtube.com\/embed\/j4CMzHquA_s?feature=oembed\" frameborder=\"0\" allow=\"accelerometer; autoplay; clipboard-write; encrypted-media; gyroscope; picture-in-picture\" allowfullscreen><\/iframe>\n<\/div><\/figure>\n\n\n\n<hr class=\"wp-block-separator\" \/>\n\n\n\n<h2 class=\"has-text-align-center wp-block-heading\">Medios especializados<\/h2>\n\n\n\n<div class=\"wp-block-columns alignwide is-layout-flex wp-container-core-columns-is-layout-9d6595d7 wp-block-columns-is-layout-flex\">\n<div class=\"wp-block-column is-layout-flow wp-block-column-is-layout-flow\">\n<blockquote class=\"wp-block-quote is-layout-flow wp-block-quote-is-layout-flow\"><p>\u201cEn el Latin Jazz, como en cualquier otro g\u00e9nero musical, a veces aparecen grandes obras donde menos se esperan. La \u2018Suite Llatina 0.7\u2019 original del pianista Ramon Escal\u00e9, interpretada por su orquesta, la Barcelona Big Latin Band es un reciente ejemplo de ello.\u201d<\/p><cite>Jazz magazine<br>Luc Delannoy<\/cite><\/blockquote>\n<\/div>\n\n\n\n<div class=\"wp-block-column is-layout-flow wp-block-column-is-layout-flow\">\n<blockquote class=\"wp-block-quote is-layout-flow wp-block-quote-is-layout-flow\"><p>\u201cLo m\u00e1s sorprendente del nuevo trabajo de la Barcelona Big Latin Band es la incre\u00edble y afortunada mezcla con la \u00e9poca dorada del Jazz. Adem\u00e1s, est\u00e1 impregnado del sonido de los Spirituals de la tradici\u00f3n religiosa de la m\u00fasica afroamericana. Y todo esto. sin perder el toque latino. \u2018Gospel meets Latin\u2019 es un espect\u00e1culo lleno de improvisaci\u00f3n y solos apabullantes\u201d<\/p><cite>Jazzbufalo.com<br>Lu\u00eds Moreno<\/cite><\/blockquote>\n<\/div>\n\n\n\n<div class=\"wp-block-column is-layout-flow wp-block-column-is-layout-flow\">\n<blockquote class=\"wp-block-quote is-layout-flow wp-block-quote-is-layout-flow\"><p>\u201cLa Barcelona Big Latin Band brilla en sus composiciones, brilla en sus arreglos y brilla en cualidad de sus grandes m\u00fasicos, muchos de los cuales son primeros espadas del jazz nacional. El \u00e1lbum est\u00e1 grabado en directo, algo que no deber\u00eda ser ignorado ya que subraya la maestr\u00eda de estos m\u00fasicos que ofrecen una interpretaci\u00f3n esc\u00e9nica muy a tener muy en cuenta.\u201d<\/p><cite>Tomajazz.com<br>Carlos P\u00e9rez<\/cite><\/blockquote>\n<\/div>\n<\/div>\n\n\n\n<hr class=\"wp-block-separator\" \/>\n\n\n\n<h2 class=\"has-text-align-center wp-block-heading\">Medios internacionales<\/h2>\n\n\n\n<div class=\"wp-block-columns alignwide is-layout-flex wp-container-core-columns-is-layout-9d6595d7 wp-block-columns-is-layout-flex\">\n<div class=\"wp-block-column is-layout-flow wp-block-column-is-layout-flow\">\n<blockquote class=\"wp-block-quote is-layout-flow wp-block-quote-is-layout-flow\"><p>\u201cBazil Meade fund\u00f3 el London Community Gospel Choir hace 28 a\u00f1os y actualmente est\u00e1 disfrutando de un momento dorado, liderando un movimiento de gran afici\u00f3n por la m\u00fasica coral en general y por las grandes armon\u00edas vocales en particular. Este concierto marca el lanzamiento de su 10\u00ba \u00e1lbum, Glorious, con unos temas y arreglos vocales que no dejan indiferente a nadie\u201d<\/p><cite>The Independent<br>Thursday, 6 May 2010<br>Piers Ford<\/cite><\/blockquote>\n<\/div>\n\n\n\n<div class=\"wp-block-column is-layout-flow wp-block-column-is-layout-flow\">\n<blockquote class=\"wp-block-quote is-layout-flow wp-block-quote-is-layout-flow\"><p>\u201cNo se puede escuchar al London Community Gospel Choir (LCGC) sin dejar de moverse o sonre\u00edr. Todo el mundo, sin importar la edad, estuvo todo el tiempo cantando y dando palmas. \u00c9s s\u00fa m\u00fasica la que provoca esto\u201d<\/p><cite>The Guardian<br>John L Walters<br>Saturday 5 January 2002<\/cite><\/blockquote>\n<\/div>\n<\/div>\n\n\n\n<hr class=\"wp-block-separator\" \/>\n\n\n\n<h2 class=\"has-text-align-center wp-block-heading\">Diarios Nacionales<\/h2>\n\n\n\n<blockquote class=\"wp-block-quote is-layout-flow wp-block-quote-is-layout-flow\"><p>Un pu\u0301blico devoto del canto de los a\u0301ngeles y los ritmos latinos celebro\u0301 el jueves una clausura gloriosa y celestial para una nueva edicio\u0301n del San Miguel Mas i Mas Festival. La atrevida idea de combinar uno de los ma\u0301s poderosos coros de gospel de la Commonwealth con la volca\u0300nica Big Latin Band del Jamboree convirtio\u0301 el Palau de la Mu\u0301sica en un vibrante templo del ritmo. Ramon Escale\u0301, arti\u0301fice de esta majestuosa profanacio\u0301n, se ha ganado un trocito de cielo en su meritoria obce- cacio\u0301nn en llevar a buen puerto dos mundos tan aparentemente antite\u0301ticos. Como director de la Jamboree Big Latin Band y ferviente conocedor de los spirituals afroamericanos, Escale\u0301 ha elaborado una propuesta en la que los ca\u0301nticos de la iglesia, los aleluyas y los ame\u0301n alcanzan una sabrosa potencia al ritmo del claveci\u0301n, los timbales y la descarga. Acomodar los cla\u0301sicos del ge\u0301nero gospel a la dina\u0301mica salsera podria derivar en un pastiche de difi\u0301cil diges- tio\u0301n, pero gracias a la solvencia de unos mu\u0301sicos de primera li\u0301nea , la predisposicio\u0301n de unas voces adaptables a todo tipo de registros i, sobretodo, unos arreglos que conceden naturalidad y frescura a este matrimonio de conveniencia como tan temeraria propuesta en lugar de desfallecer, se eleva y transmite la magia de su vuelo .<br>Aunque la velada arranco\u0301 con protestas del segundo piso por problemas de sonido, tan pronto las nueve voces y los catorce instrumentistas encontraron su lugar en la mesa de mezclas del te\u0301cnico la fiesta fue imparable. Con el pu\u0301blico dando palmas y levantado del asiento, hasta las estatuas pareci\u0301an adquirir movimiento en aquel templo modernista convertido en sala de baile.<\/p><p>Benny More\u0301 y Mahalia Jackson sonrei\u0301an desde el ma\u0301s alla\u0301. ( Pere Pons, Diari \u201cAvui\u201d)<\/p><p>The London Community Gospel Choir &amp; The Jamboree Big Latin Band. Mas i Mas Festival. Palau de la Mu\u0301sica, 1 de Setiembre de 2011<\/p><cite>Diario Avui<br>Bazil Meade y Escale\u0301 hacia el cielo<br>05\/09\/11 02:00 &#8211; PERE PONS<\/cite><\/blockquote>\n\n\n\n<div class=\"wp-block-columns alignwide is-layout-flex wp-container-core-columns-is-layout-9d6595d7 wp-block-columns-is-layout-flex\">\n<div class=\"wp-block-column is-layout-flow wp-block-column-is-layout-flow\">\n<blockquote class=\"wp-block-quote is-layout-flow wp-block-quote-is-layout-flow\"><p>\u201cLa gran atracci\u00f3n de la noche: la presentaci\u00f3n de la \u201cSuite Llatina 0.7\u201c escrita y orquestada por Ramon Escal\u00e9, pianista y l\u00edder de la Big Latin Band, una banda de incuestionable sabor.\u201d<\/p><cite>La Vanguardia<br>Donat Putx<\/cite><\/blockquote>\n<\/div>\n\n\n\n<div class=\"wp-block-column is-layout-flow wp-block-column-is-layout-flow\">\n<blockquote class=\"wp-block-quote is-layout-flow wp-block-quote-is-layout-flow\"><p>\u201cEl pianista Ramon Escal\u00e9, l\u00edder de la banda y autor de su m\u00fasica, ha conseguido un s\u00f3lido producto que ya vuela por su cuenta. Le auguramos un brillante futuro.\u201d<\/p><cite>El Pa\u00eds<br>Miquel Jurado<\/cite><\/blockquote>\n<\/div>\n\n\n\n<div class=\"wp-block-column is-layout-flow wp-block-column-is-layout-flow\">\n<blockquote class=\"wp-block-quote is-layout-flow wp-block-quote-is-layout-flow\"><p>\u201cGran noche con un poderoso e impresionante espect\u00e1culo\u201d<\/p><cite>El Peri\u00f3dico<br>Joan Anton Cararach<\/cite><\/blockquote>\n<\/div>\n<\/div>\n","protected":false},"excerpt":{"rendered":"<p>Descripci\u00f3n del espect\u00e1culo La Barcelona Big Latin Band, Messengers&nbsp; y London Community Gospel Choir nos presentan un nuevo y atrevido proyecto: partiendo de temas tradicionales y contempor\u00e1neos del gospel se evoluciona hacia arreglos atrevidos y espectaculares que transforman las ra\u00edces del gospel en una nueva sonoridad donde los c\u00e1nticos de la iglesia, los aleluya y [&hellip;]<\/p>\n","protected":false},"author":1,"featured_media":0,"parent":290,"menu_order":0,"comment_status":"closed","ping_status":"closed","template":"","meta":{"_editorskit_title_hidden":false,"_editorskit_reading_time":4,"_editorskit_is_block_options_detached":false,"_editorskit_block_options_position":"{}","_genesis_hide_title":false,"_genesis_hide_breadcrumbs":false,"_genesis_hide_singular_image":false,"_genesis_hide_footer_widgets":false,"_genesis_custom_body_class":"","_genesis_custom_post_class":"","_genesis_layout":"","editor_notices":[],"footnotes":""},"class_list":{"0":"post-427","1":"page","2":"type-page","3":"status-publish","5":"entry"},"_links":{"self":[{"href":"https:\/\/ramonescale.com\/es\/wp-json\/wp\/v2\/pages\/427","targetHints":{"allow":["GET"]}}],"collection":[{"href":"https:\/\/ramonescale.com\/es\/wp-json\/wp\/v2\/pages"}],"about":[{"href":"https:\/\/ramonescale.com\/es\/wp-json\/wp\/v2\/types\/page"}],"author":[{"embeddable":true,"href":"https:\/\/ramonescale.com\/es\/wp-json\/wp\/v2\/users\/1"}],"replies":[{"embeddable":true,"href":"https:\/\/ramonescale.com\/es\/wp-json\/wp\/v2\/comments?post=427"}],"version-history":[{"count":14,"href":"https:\/\/ramonescale.com\/es\/wp-json\/wp\/v2\/pages\/427\/revisions"}],"predecessor-version":[{"id":629,"href":"https:\/\/ramonescale.com\/es\/wp-json\/wp\/v2\/pages\/427\/revisions\/629"}],"up":[{"embeddable":true,"href":"https:\/\/ramonescale.com\/es\/wp-json\/wp\/v2\/pages\/290"}],"wp:attachment":[{"href":"https:\/\/ramonescale.com\/es\/wp-json\/wp\/v2\/media?parent=427"}],"curies":[{"name":"wp","href":"https:\/\/api.w.org\/{rel}","templated":true}]}}