{"id":435,"date":"2020-03-04T16:59:49","date_gmt":"2020-03-04T15:59:49","guid":{"rendered":"https:\/\/ramonescale.com\/?page_id=435"},"modified":"2022-06-07T13:56:33","modified_gmt":"2022-06-07T11:56:33","slug":"time-to-gospel","status":"publish","type":"page","link":"https:\/\/ramonescale.com\/es\/espectaculos\/time-to-gospel\/","title":{"rendered":""},"content":{"rendered":"\n<div style=\"height:100px\" aria-hidden=\"true\" class=\"wp-block-spacer\"><\/div>\n\n\n\n<div class=\"wp-block-image\"><figure class=\"aligncenter size-large is-resized\"><img loading=\"lazy\" decoding=\"async\" src=\"https:\/\/ramonescale.com\/es\/wp-content\/uploads\/sites\/3\/2022\/06\/LOGO-LIFE-CELEBRATION-GOIZARGI-1-972x1024.jpg\" alt=\"\" class=\"wp-image-734\" width=\"572\" height=\"602\" srcset=\"https:\/\/ramonescale.com\/es\/wp-content\/uploads\/sites\/3\/2022\/06\/LOGO-LIFE-CELEBRATION-GOIZARGI-1-972x1024.jpg 972w, https:\/\/ramonescale.com\/es\/wp-content\/uploads\/sites\/3\/2022\/06\/LOGO-LIFE-CELEBRATION-GOIZARGI-1-285x300.jpg 285w, https:\/\/ramonescale.com\/es\/wp-content\/uploads\/sites\/3\/2022\/06\/LOGO-LIFE-CELEBRATION-GOIZARGI-1-1459x1536.jpg 1459w, https:\/\/ramonescale.com\/es\/wp-content\/uploads\/sites\/3\/2022\/06\/LOGO-LIFE-CELEBRATION-GOIZARGI-1.jpg 1812w\" sizes=\"auto, (max-width: 572px) 100vw, 572px\" \/><\/figure><\/div>\n\n\n\n<p>Bajo la direcci\u00f3n de Ramon Escal\u00e9 nace en 2018 Goizargi Gospel Choir, un coro de gospel formado por doce de las mejores voces de Euskadi.<\/p>\n\n\n\n<p>Con representaci\u00f3n de todo el territorio vasco GGC, por su energ\u00eda, su fuerza y su calidad es actualmente una de las referencias de este estilo que est\u00e1 emergiendo con much\u00edsima fuerza en el panorama musical de euskaldun. <br>Los \u00absold out\u00bb de sus actuaciones en el Teatro Euskalduna de Bilbao, en el Festival de Jazz de Plentzia, en el Teatro Campos El\u00edseos donde acaban de presentar y grabar en audio y v\u00eddeo su espect\u00e1culo \u00abLife Celebration\u00bb o su actuaci\u00f3n conjunta con la Banda Municipal de Bilbao, en el Teatro Arriaga, bajo la direcci\u00f3n de Jos\u00e9  Pascual Vilaplana y arreglos de Ramon Escal\u00e9,  presentando Symphonic Gospel son buena prueba de este brillante camino que Goizargi emprendi\u00f3 desde sus or\u00edgenes. <\/p>\n\n\n\n<p>Empiezan ahora la gira de presentaci\u00f3n de este \u00abLife Celebration\u00bb que los llevar\u00e1 a lo largo de todo el 2023 a representarlo en Euskadi pero tambi\u00e9n en la red de Teatros de Castilla y Le\u00f3n, en Barcelona en l&#8217;Auditori y en el One Heart International Gospel Festival, as\u00ed como en Madrid, entre otros escenarios.<\/p>\n\n\n\n<p>Han colaborado con grandes nombres del Gospel europeo y americano como Donald Lawrence (USA), Bazil Meade (UK), Didier Likeng (Bel), Hans Christian Jochimsen (Den), Isaac Cates (USA), Colin Vassell (UK), <\/p>\n\n\n\n<p>Os invitamos a disfrutar de un espect\u00e1culo lleno de m\u00fasica, movimiento y una cuidada puesta en escena.<\/p>\n\n\n\n<p><strong>Duraci\u00f3n: <\/strong>75 minuts aprox.<\/p>\n\n\n\n<h3 class=\"wp-block-heading\"><strong>Formaci\u00f3n<\/strong>:<\/h3>\n\n\n\n<ul class=\"wp-block-list\"><li><strong>Coro de 12 voces: <\/strong>Goizargi Gospel Choir<\/li><li><strong>Bajo el\u00e9ctrico: <\/strong>Jon Carranza.<\/li><li><strong>Bater\u00eda: <\/strong>Aritza Castro.<\/li><li><strong>Teclados arreglos y direcci\u00f3n:<\/strong> Ramon Escal\u00e9<\/li><\/ul>\n\n\n\n<h3 class=\"wp-block-heading\">V\u00eddeos<\/h3>\n\n\n\n<p><strong><strong>Life Celebration. Teatro Campos El\u00edseos<\/strong>&nbsp;(Bilbao) Marzo 2022<\/strong><\/p>\n\n\n\n<figure class=\"wp-block-embed is-type-video is-provider-youtube wp-block-embed-youtube wp-embed-aspect-16-9 wp-has-aspect-ratio\"><div class=\"wp-block-embed__wrapper\">\n<iframe loading=\"lazy\" title=\"JESUS WILL (James Cleveland) Goizargi Gospel Choir. Ramon Escal\u00e9: Direcci\u00f3n\" width=\"700\" height=\"394\" src=\"https:\/\/www.youtube.com\/embed\/obRS5zwayg0?feature=oembed\" frameborder=\"0\" allow=\"accelerometer; autoplay; clipboard-write; encrypted-media; gyroscope; picture-in-picture\" allowfullscreen><\/iframe>\n<\/div><\/figure>\n\n\n\n<p><strong><strong><strong>Life Celebration. Teatro Campos El\u00edseos<\/strong>&nbsp;(Bilbao) Marzo 2022<\/strong><\/strong><\/p>\n\n\n\n<figure class=\"wp-block-embed is-type-video is-provider-youtube wp-block-embed-youtube wp-embed-aspect-16-9 wp-has-aspect-ratio\"><div class=\"wp-block-embed__wrapper\">\n<iframe loading=\"lazy\" title=\"BECAUSE OF WHO YOU ARE\" width=\"700\" height=\"394\" src=\"https:\/\/www.youtube.com\/embed\/Dt5EOYIswbI?feature=oembed\" frameborder=\"0\" allow=\"accelerometer; autoplay; clipboard-write; encrypted-media; gyroscope; picture-in-picture\" allowfullscreen><\/iframe>\n<\/div><\/figure>\n\n\n\n<p><strong>Goizargi Gospel Choir 2021<\/strong><\/p>\n\n\n\n<figure class=\"wp-block-embed is-type-video is-provider-youtube wp-block-embed-youtube wp-embed-aspect-16-9 wp-has-aspect-ratio\"><div class=\"wp-block-embed__wrapper\">\n<iframe loading=\"lazy\" title=\"More than anything (Lamar Campbell) Goizargi Gospel Choir Dir: Ramon Escal\u00e9\" width=\"700\" height=\"394\" src=\"https:\/\/www.youtube.com\/embed\/aqPgvXcmAys?feature=oembed\" frameborder=\"0\" allow=\"accelerometer; autoplay; clipboard-write; encrypted-media; gyroscope; picture-in-picture\" allowfullscreen><\/iframe>\n<\/div><\/figure>\n","protected":false},"excerpt":{"rendered":"<p>Bajo la direcci\u00f3n de Ramon Escal\u00e9 nace en 2018 Goizargi Gospel Choir, un coro de gospel formado por doce de las mejores voces de Euskadi. Con representaci\u00f3n de todo el territorio vasco GGC, por su energ\u00eda, su fuerza y su calidad es actualmente una de las referencias de este estilo que est\u00e1 emergiendo con much\u00edsima [&hellip;]<\/p>\n","protected":false},"author":1,"featured_media":0,"parent":290,"menu_order":0,"comment_status":"closed","ping_status":"closed","template":"","meta":{"_editorskit_title_hidden":false,"_editorskit_reading_time":1,"_editorskit_is_block_options_detached":false,"_editorskit_block_options_position":"{}","_genesis_hide_title":false,"_genesis_hide_breadcrumbs":false,"_genesis_hide_singular_image":false,"_genesis_hide_footer_widgets":false,"_genesis_custom_body_class":"","_genesis_custom_post_class":"","_genesis_layout":"","editor_notices":[],"footnotes":""},"class_list":{"0":"post-435","1":"page","2":"type-page","3":"status-publish","5":"entry"},"_links":{"self":[{"href":"https:\/\/ramonescale.com\/es\/wp-json\/wp\/v2\/pages\/435","targetHints":{"allow":["GET"]}}],"collection":[{"href":"https:\/\/ramonescale.com\/es\/wp-json\/wp\/v2\/pages"}],"about":[{"href":"https:\/\/ramonescale.com\/es\/wp-json\/wp\/v2\/types\/page"}],"author":[{"embeddable":true,"href":"https:\/\/ramonescale.com\/es\/wp-json\/wp\/v2\/users\/1"}],"replies":[{"embeddable":true,"href":"https:\/\/ramonescale.com\/es\/wp-json\/wp\/v2\/comments?post=435"}],"version-history":[{"count":12,"href":"https:\/\/ramonescale.com\/es\/wp-json\/wp\/v2\/pages\/435\/revisions"}],"predecessor-version":[{"id":736,"href":"https:\/\/ramonescale.com\/es\/wp-json\/wp\/v2\/pages\/435\/revisions\/736"}],"up":[{"embeddable":true,"href":"https:\/\/ramonescale.com\/es\/wp-json\/wp\/v2\/pages\/290"}],"wp:attachment":[{"href":"https:\/\/ramonescale.com\/es\/wp-json\/wp\/v2\/media?parent=435"}],"curies":[{"name":"wp","href":"https:\/\/api.w.org\/{rel}","templated":true}]}}