{"id":437,"date":"2020-03-04T17:02:56","date_gmt":"2020-03-04T16:02:56","guid":{"rendered":"https:\/\/ramonescale.com\/?page_id=437"},"modified":"2020-06-26T18:07:59","modified_gmt":"2020-06-26T16:07:59","slug":"from-the-heart-of-africa","status":"publish","type":"page","link":"https:\/\/ramonescale.com\/es\/espectaculos\/from-the-heart-of-africa\/","title":{"rendered":"From the heart of Africa"},"content":{"rendered":"\n<h2 class=\"has-text-align-center wp-block-heading\">Descripci\u00f3n del espect\u00e1culo<\/h2>\n\n\n\n<p>Un espect\u00e1culo especial donde nos hemos adentrado en las ra\u00edces m\u00e1s profundas de esta m\u00fasica que tanto nos apasiona. Nos acompa\u00f1ar\u00e1 en esta ocasi\u00f3n, la Barcelona Big Latin Band, una big band que aglutina algunos de los mejores m\u00fasicos de jazz y latin jazz de nuestro pa\u00eds.<\/p>\n\n\n\n<p>La mezcla de Esclat Gospel Singers con los arreglos y contundencia r\u00edtmica de la Barcelona Big Latin Band dan globalidad al sonido de \u201cFrom the Heart of Africa\u201d. Mezclar estas sonoridades de origen africano con su posterior evoluci\u00f3n a Estados Unidos y el Caribe, hacen de esta fus\u00f3n una novedad atrevida e in\u00e9dita. Esperamos que lo disfrut\u00e9is tanto como nosotros!<\/p>\n\n\n\n<h3 class=\"wp-block-heading\"><strong>Formaci\u00f3n<\/strong><\/h3>\n\n\n\n<ul class=\"wp-block-list\"><li>Esclat Gospel Singers. 25 cantantes<\/li><li>Barcelona Big Latin Band. 14 m\u00fasicos<\/li><\/ul>\n\n\n\n<h3 class=\"wp-block-heading\">V\u00eddeos<\/h3>\n\n\n\n<p><strong>Teaser. Kursaal Manresa. November 2018<\/strong><\/p>\n\n\n\n<figure class=\"wp-block-embed-youtube wp-block-embed is-type-video is-provider-youtube wp-embed-aspect-16-9 wp-has-aspect-ratio\"><div class=\"wp-block-embed__wrapper\">\n<iframe loading=\"lazy\" title=\"Gospel meets Africa (Teaser) Ramon Escal\u00e9 &amp; Esclat Gospel Singers &amp; Barcelona Big Latin.\" width=\"700\" height=\"394\" src=\"https:\/\/www.youtube.com\/embed\/nYuYZBJKzh8?feature=oembed\" frameborder=\"0\" allow=\"accelerometer; autoplay; encrypted-media; gyroscope; picture-in-picture\" allowfullscreen><\/iframe>\n<\/div><\/figure>\n\n\n\n<p><strong>Satan we\u2019re gonna tear your Kingdom down. One Heart Festival. April 2019<\/strong><\/p>\n\n\n\n<figure class=\"wp-block-embed-youtube wp-block-embed is-type-video is-provider-youtube wp-embed-aspect-16-9 wp-has-aspect-ratio\"><div class=\"wp-block-embed__wrapper\">\n<iframe loading=\"lazy\" title=\"Satan we&#039;re gonna tear your Kingdom down (Shirley Caesar) B.Meade&amp; Messengers&amp;Esclat Gospel Singers\" width=\"700\" height=\"394\" src=\"https:\/\/www.youtube.com\/embed\/iiZ3wjoJeXI?feature=oembed\" frameborder=\"0\" allow=\"accelerometer; autoplay; encrypted-media; gyroscope; picture-in-picture\" allowfullscreen><\/iframe>\n<\/div><\/figure>\n","protected":false},"excerpt":{"rendered":"<p>Descripci\u00f3n del espect\u00e1culo Un espect\u00e1culo especial donde nos hemos adentrado en las ra\u00edces m\u00e1s profundas de esta m\u00fasica que tanto nos apasiona. Nos acompa\u00f1ar\u00e1 en esta ocasi\u00f3n, la Barcelona Big Latin Band, una big band que aglutina algunos de los mejores m\u00fasicos de jazz y latin jazz de nuestro pa\u00eds. La mezcla de Esclat Gospel [&hellip;]<\/p>\n","protected":false},"author":1,"featured_media":0,"parent":290,"menu_order":0,"comment_status":"closed","ping_status":"closed","template":"","meta":{"_editorskit_title_hidden":false,"_editorskit_reading_time":1,"_editorskit_is_block_options_detached":false,"_editorskit_block_options_position":"{}","_genesis_hide_title":false,"_genesis_hide_breadcrumbs":false,"_genesis_hide_singular_image":false,"_genesis_hide_footer_widgets":false,"_genesis_custom_body_class":"","_genesis_custom_post_class":"","_genesis_layout":"","editor_notices":[],"footnotes":""},"class_list":{"0":"post-437","1":"page","2":"type-page","3":"status-publish","5":"entry"},"_links":{"self":[{"href":"https:\/\/ramonescale.com\/es\/wp-json\/wp\/v2\/pages\/437","targetHints":{"allow":["GET"]}}],"collection":[{"href":"https:\/\/ramonescale.com\/es\/wp-json\/wp\/v2\/pages"}],"about":[{"href":"https:\/\/ramonescale.com\/es\/wp-json\/wp\/v2\/types\/page"}],"author":[{"embeddable":true,"href":"https:\/\/ramonescale.com\/es\/wp-json\/wp\/v2\/users\/1"}],"replies":[{"embeddable":true,"href":"https:\/\/ramonescale.com\/es\/wp-json\/wp\/v2\/comments?post=437"}],"version-history":[{"count":5,"href":"https:\/\/ramonescale.com\/es\/wp-json\/wp\/v2\/pages\/437\/revisions"}],"predecessor-version":[{"id":821,"href":"https:\/\/ramonescale.com\/es\/wp-json\/wp\/v2\/pages\/437\/revisions\/821"}],"up":[{"embeddable":true,"href":"https:\/\/ramonescale.com\/es\/wp-json\/wp\/v2\/pages\/290"}],"wp:attachment":[{"href":"https:\/\/ramonescale.com\/es\/wp-json\/wp\/v2\/media?parent=437"}],"curies":[{"name":"wp","href":"https:\/\/api.w.org\/{rel}","templated":true}]}}