{"id":481,"date":"2020-03-05T17:07:45","date_gmt":"2020-03-05T16:07:45","guid":{"rendered":"https:\/\/ramonescale.com\/?page_id=481"},"modified":"2020-03-20T21:16:29","modified_gmt":"2020-03-20T20:16:29","slug":"one-heart-gospel-festival","status":"publish","type":"page","link":"https:\/\/ramonescale.com\/es\/eventos-fundacion\/one-heart-gospel-festival\/","title":{"rendered":"One Heart Gospel Festival"},"content":{"rendered":"\n<p>Despu\u00e9s del gran \u00e9xito que supuso la anterior edici\u00f3n de <strong>One Heart Festival <\/strong>celebrada en abril de 2019, presentamos una segunda edici\u00f3n de <strong><abbr title=\"One Heart Festival\">OHF<\/abbr><\/strong> con un formato \u00fanico en el panorama musical de nuestro pa\u00eds, dedicado \u00edntegramente al gospel.<\/p>\n\n\n\n<p><strong><abbr title=\"One Heart Festival\">OHF<\/abbr><\/strong> es mucho m\u00e1s que un festival al uso, es un espacio donde aprender e interactuar con grandes figuras del gospel internacional en una formato en el que todo los participantes, sean miembros de un coro o acudan individualmente, aprender\u00e1n y mejorar\u00e1n sus habilidades interpretativas y vocales.Y, profundizar\u00e1n en los aspectos t\u00e9cnicos y estil\u00edsticos, as\u00ed como asimilar\u00e1n nuevos recursos. Todo ello, en un proceso de estar compartiendo y conviviendo con los dem\u00e1s a trav\u00e9s de la m\u00fasica, del gospel, porque \u00e9sa es precisamente la esencia del festival. <\/p>\n\n\n\n<hr class=\"wp-block-separator\" \/>\n\n\n\n<p>Es un gran encuentro internacional para los amantes del gospel, m\u00e1s all\u00e1 de creencias, procedencia y tradiciones de cada uno.<\/p>\n\n\n\n<p>Este nuevo festival para la ciudad de Barcelona pretende ser un espacio de encuentro entre profesionales, amateurs y aficionados al g\u00e9nero.<br><\/p>\n\n\n\n<hr class=\"wp-block-separator\" \/>\n\n\n\n<h3 class=\"wp-block-heading\">Consta de tres apartados principales:<\/h3>\n\n\n\n<ul class=\"wp-block-list\"><li><strong>Congreso Europeo<\/strong>de Gospel Choir Directors. Teatre Poliorama.<\/li><li><strong>Actividades:<\/strong> Auditori Axa. Workshops, Forum discussion, Master Class, Service, Open Sessions.<\/li><li><strong>Conciertos<\/strong><ul><li><strong>Concierto principal: <\/strong>Palau de la M\u00fasica. Smokie Norful, Donald Lawrence, Isaac Cates, Bazil Meade, Ramon Escal\u00e9, European Gospel Choir (formado por cantantes de todos los pa\u00edses europeos), Barcelona Gospel Messengers, Goizargi Gospel Choir, Esclat Gospel Singers, One Heart Gospel Choir.<\/li><li><strong>Conciertos en los barrios de Barcelona<\/strong>. Mas Gospel, Gospel 4 Cors, Twocats pel Gospel.<\/li><\/ul><\/li><\/ul>\n\n\n\n<hr class=\"wp-block-separator\" \/>\n\n\n\n<ul class=\"wp-block-list\"><li><strong>Pr\u00f3xima convocatoria: <\/strong>18, 19 y 20 Septiembre 2020.<\/li><li><strong>Lugar: <\/strong>Barcelona.<\/li><li><strong>Espacios: <\/strong>Palau de la M\u00fasica Catalana, Auditori Axa y Teatre Poliorama.\u00a0<\/li><li>Teatre Jesuites de el Clot, Mas Guinard\u00f3, Casal Loiola<\/li><li><strong>Organiza:<\/strong> Ramon Escal\u00e9 y Anexa Espectacles<\/li><li><strong>Colabora: <\/strong>Esclat Gospel Singers y Messengers\u00a0<\/li><li><strong>Patrocinadores: <\/strong>Sin aportaciones exteriores.<\/li><li><strong>Antig\u00fcedad:<\/strong> 2019.<\/li><li><strong>Artistas invitados: <\/strong>Smokie Norful (USA), Donald Lawrence (USA), Isaac Cates (USA), Bazil Meade (UK), Ramon Escal\u00e9 (CAT\/SPA), European Gospel Choir (EU), Barcelona Gospel Messengers (CAT\/SPA), Goizargi Gospel Choir (EUSK\/SPA), Esclat Gospel Singers (CAT\/SPA), One Heart Gospel Choir (EU).<\/li><li><strong>Formato: <\/strong>Fin de semana<\/li><li><strong>Web y c\u00f3mo apuntarse: <\/strong><a rel=\"noreferrer noopener\" href=\"https:\/\/oneheartfestival.net\/\" target=\"_blank\">https:\/\/oneheartfestival.net\/<\/a><\/li><\/ul>\n\n\n\n<h3 class=\"has-text-align-center wp-block-heading\">V\u00eddeos<\/h3>\n\n\n\n<figure class=\"wp-block-embed-youtube wp-block-embed is-type-video is-provider-youtube wp-embed-aspect-16-9 wp-has-aspect-ratio\"><div class=\"wp-block-embed__wrapper\">\n<iframe loading=\"lazy\" title=\"One Heart Gospel Festival. Barcelona April 2019\" width=\"700\" height=\"394\" src=\"https:\/\/www.youtube.com\/embed\/qcel7hFEZ2g?feature=oembed\" frameborder=\"0\" allow=\"accelerometer; autoplay; encrypted-media; gyroscope; picture-in-picture\" allowfullscreen><\/iframe>\n<\/div><\/figure>\n\n\n\n<figure class=\"wp-block-embed-youtube wp-block-embed is-type-video is-provider-youtube wp-embed-aspect-16-9 wp-has-aspect-ratio\"><div class=\"wp-block-embed__wrapper\">\n<iframe loading=\"lazy\" title=\"Take it to the Lord in prayer. (Nolan Williams). Messengers &amp; Goizargi Gospel Choir\" width=\"700\" height=\"394\" src=\"https:\/\/www.youtube.com\/embed\/EeEdpRDFGrA?feature=oembed\" frameborder=\"0\" allow=\"accelerometer; autoplay; encrypted-media; gyroscope; picture-in-picture\" allowfullscreen><\/iframe>\n<\/div><\/figure>\n\n\n\n<figure class=\"wp-block-embed-youtube wp-block-embed is-type-video is-provider-youtube wp-embed-aspect-16-9 wp-has-aspect-ratio\"><div class=\"wp-block-embed__wrapper\">\n<iframe loading=\"lazy\" title=\"The Blessing of Abraham (Donald Lawrence). Messengers &amp; Goizargi GC featuring Donald Lawrence\" width=\"700\" height=\"394\" src=\"https:\/\/www.youtube.com\/embed\/qTQE72j5qFo?feature=oembed\" frameborder=\"0\" allow=\"accelerometer; autoplay; encrypted-media; gyroscope; picture-in-picture\" allowfullscreen><\/iframe>\n<\/div><\/figure>\n\n\n\n<p><\/p>\n","protected":false},"excerpt":{"rendered":"<p>Despu\u00e9s del gran \u00e9xito que supuso la anterior edici\u00f3n de One Heart Festival celebrada en abril de 2019, presentamos una segunda edici\u00f3n de OHF con un formato \u00fanico en el panorama musical de nuestro pa\u00eds, dedicado \u00edntegramente al gospel. OHF es mucho m\u00e1s que un festival al uso, es un espacio donde aprender e interactuar [&hellip;]<\/p>\n","protected":false},"author":1,"featured_media":0,"parent":296,"menu_order":0,"comment_status":"closed","ping_status":"closed","template":"","meta":{"_editorskit_title_hidden":false,"_editorskit_reading_time":1,"_editorskit_is_block_options_detached":false,"_editorskit_block_options_position":"{}","_genesis_hide_title":false,"_genesis_hide_breadcrumbs":false,"_genesis_hide_singular_image":false,"_genesis_hide_footer_widgets":false,"_genesis_custom_body_class":"","_genesis_custom_post_class":"","_genesis_layout":"","editor_notices":[],"footnotes":""},"class_list":{"0":"post-481","1":"page","2":"type-page","3":"status-publish","5":"entry"},"_links":{"self":[{"href":"https:\/\/ramonescale.com\/es\/wp-json\/wp\/v2\/pages\/481","targetHints":{"allow":["GET"]}}],"collection":[{"href":"https:\/\/ramonescale.com\/es\/wp-json\/wp\/v2\/pages"}],"about":[{"href":"https:\/\/ramonescale.com\/es\/wp-json\/wp\/v2\/types\/page"}],"author":[{"embeddable":true,"href":"https:\/\/ramonescale.com\/es\/wp-json\/wp\/v2\/users\/1"}],"replies":[{"embeddable":true,"href":"https:\/\/ramonescale.com\/es\/wp-json\/wp\/v2\/comments?post=481"}],"version-history":[{"count":5,"href":"https:\/\/ramonescale.com\/es\/wp-json\/wp\/v2\/pages\/481\/revisions"}],"predecessor-version":[{"id":613,"href":"https:\/\/ramonescale.com\/es\/wp-json\/wp\/v2\/pages\/481\/revisions\/613"}],"up":[{"embeddable":true,"href":"https:\/\/ramonescale.com\/es\/wp-json\/wp\/v2\/pages\/296"}],"wp:attachment":[{"href":"https:\/\/ramonescale.com\/es\/wp-json\/wp\/v2\/media?parent=481"}],"curies":[{"name":"wp","href":"https:\/\/api.w.org\/{rel}","templated":true}]}}