{"id":649,"date":"2021-03-01T10:31:12","date_gmt":"2021-03-01T09:31:12","guid":{"rendered":"https:\/\/ramonescale.com\/es\/?page_id=649"},"modified":"2024-05-01T16:04:11","modified_gmt":"2024-05-01T14:04:11","slug":"symphonic-gospel","status":"publish","type":"page","link":"https:\/\/ramonescale.com\/es\/espectaculos\/symphonic-gospel\/","title":{"rendered":"Symphonic Gospel"},"content":{"rendered":"\n<p><strong>GOSPEL SINF\u00d3NICO<\/strong><\/p>\n\n\n\n<p class=\"has-text-align-center\">Pocas veces formaciones y lenguajes tan diferentes como los que representan la Banda Sinf\u00f3nica y los coros Messengers y Goizargi Gospel Choir, llegan a dialogar e interactuar entre ellas, pero en una \u00e9poca como la actual en la que los l\u00edmites son cada vez m\u00e1s difusos y las nuevas se\u00f1as de identidad son precisamente la globalidad y la proximidad de vivencias art\u00edsticas aparentemente lejanas, es cuando y donde las fronteras se diluyen y s\u00f3lo el riesgo y la calidad son las credenciales que definen apasionantes e imprevisibles nuevos viajes musicales.<\/p>\n\n\n\n<p class=\"has-text-align-center\">En el marco de este modo de entender la m\u00fasica, nos proponen un mestizaje musical con poqu\u00edsimas referencias, donde la fuerza de una m\u00fasica como el Gospel, que nace de lo m\u00e1s profundo del alma, se engalana con la enorme riqueza de los colores de una gran formaci\u00f3n orquestal como la Banda<\/p>\n\n\n\n<p class=\"has-text-align-center\">Si algo tiene el Gospel, es proximidad, calidez, mensaje, energ\u00eda, potencia, sutileza y todo ello se pone de manifiesto en los arreglos originales que permiten que dos ideas, de entrada, diferentes entre s\u00ed, se acerquen y s entrelace con naturalidad. La complicidad es total entre la m\u00fasica, las voces y la banda.<\/p>\n\n\n\n<p class=\"has-text-align-center\">Este concierto se ha realizado en <strong><em>L&#8217;Auditori de Barcelona<\/em><\/strong> (diciembre de 2021 y marzo de 2023), en el <strong><em>Teatro Arriaga de Bilbao<\/em><\/strong>, en el <strong><em>Teatro principal de Valencia<\/em><\/strong>, en el <strong><em>Gran Teatro de Alzira<\/em><\/strong> (estas dos con la colaboraci\u00f3n estelar del quinteto <strong><em>Spanish Brass<\/em><\/strong>) en la <strong><em>Plaza Nueva de Bilbao<\/em><\/strong>, en el T<strong><em>eatro Tarragona <\/em><\/strong>y en las <strong><em>Santes de Matar\u00f3<\/em><\/strong> entre otros bajo la batuta de los maestros <strong><em>Pascual Vilaplana, Rafael Sanz-Espert, Pere Bono y Jordi Masip<\/em><\/strong><\/p>\n\n\n\n<p><\/p>\n\n\n\n<p><strong>Duraci\u00f3n: <\/strong>75 minutos aprox.<\/p>\n\n\n\n<h3 class=\"wp-block-heading\"><strong>Formaci\u00f3<\/strong>n:<\/h3>\n\n\n\n<ul class=\"wp-block-list\">\n<li>Banda Sinf\u00f3nica<\/li>\n\n\n\n<li>Messengers<strong> <\/strong><\/li>\n\n\n\n<li>Goizargi Gospel Choir<\/li>\n\n\n\n<li>Drums: Andreu Moreno<\/li>\n\n\n\n<li>Arreglos, direcci\u00f3n coral &amp; Hammond Organ:<strong> <\/strong>Ramon Escal\u00e9<\/li>\n<\/ul>\n\n\n\n<h3 class=\"wp-block-heading\">Videos<\/h3>\n\n\n\n<p><strong>Teaser Symphonic Gospel. L&#8217;Auditori de Barcelona. Diciembre 2020<\/strong><\/p>\n\n\n\n<figure class=\"wp-block-embed is-type-video is-provider-youtube wp-block-embed-youtube wp-embed-aspect-16-9 wp-has-aspect-ratio\"><div class=\"wp-block-embed__wrapper\">\n<iframe loading=\"lazy\" title=\"TEASER SYMPHONIC GOSPEL\" width=\"700\" height=\"394\" src=\"https:\/\/www.youtube.com\/embed\/q1k2gzw1ax4?feature=oembed\" frameborder=\"0\" allow=\"accelerometer; autoplay; clipboard-write; encrypted-media; gyroscope; picture-in-picture; web-share\" referrerpolicy=\"strict-origin-when-cross-origin\" allowfullscreen><\/iframe>\n<\/div><\/figure>\n\n\n\n<p><strong>Satan, we&#8217;re gonna tear your Kingdom down. L&#8217;Auditori de Barcelona. Diciembre 2020<\/strong><\/p>\n\n\n\n<figure class=\"wp-block-embed is-type-video is-provider-youtube wp-block-embed-youtube wp-embed-aspect-16-9 wp-has-aspect-ratio\"><div class=\"wp-block-embed__wrapper\">\n<iframe loading=\"lazy\" title=\"SATAN WE&#039;RE GONNA TEAR YOUR KINGDOM DOWN (Shirley Caesar) Ramon Escal\u00e9 Messengers &amp; Banda Barcelona\" width=\"700\" height=\"394\" src=\"https:\/\/www.youtube.com\/embed\/BEFH8ozpGtg?feature=oembed\" frameborder=\"0\" allow=\"accelerometer; autoplay; clipboard-write; encrypted-media; gyroscope; picture-in-picture; web-share\" referrerpolicy=\"strict-origin-when-cross-origin\" allowfullscreen><\/iframe>\n<\/div><\/figure>\n\n\n\n<p><strong>Take it to the Lord in prayer. L&#8217;Auditori de Barcelona. Diciembre 2020<\/strong><\/p>\n\n\n\n<figure class=\"wp-block-embed is-type-video is-provider-youtube wp-block-embed-youtube wp-embed-aspect-16-9 wp-has-aspect-ratio\"><div class=\"wp-block-embed__wrapper\">\n<iframe loading=\"lazy\" title=\"TAKE IT TO THE LORD IN PRAYER (N.Williams) Arr.R.Escal\u00e9. Messengers &amp; Banda Municipal de Barcelona.\" width=\"700\" height=\"394\" src=\"https:\/\/www.youtube.com\/embed\/en4jPlI1Jpo?feature=oembed\" frameborder=\"0\" allow=\"accelerometer; autoplay; clipboard-write; encrypted-media; gyroscope; picture-in-picture; web-share\" referrerpolicy=\"strict-origin-when-cross-origin\" allowfullscreen><\/iframe>\n<\/div><\/figure>\n\n\n\n<p><strong>I Believe. L&#8217;Auditori de Barcelona. <strong>Diciembre<\/strong> 2020<\/strong> <\/p>\n\n\n\n<figure class=\"wp-block-embed is-type-video is-provider-youtube wp-block-embed-youtube wp-embed-aspect-16-9 wp-has-aspect-ratio\"><div class=\"wp-block-embed__wrapper\">\n<iframe loading=\"lazy\" title=\"I BELIEVE (John P.Kee) Arr. Ramon Escal\u00e9 Messengers &amp; Banda Municipal de Barcelona.\" width=\"700\" height=\"394\" src=\"https:\/\/www.youtube.com\/embed\/T2BlMIlcfM8?feature=oembed\" frameborder=\"0\" allow=\"accelerometer; autoplay; clipboard-write; encrypted-media; gyroscope; picture-in-picture; web-share\" referrerpolicy=\"strict-origin-when-cross-origin\" allowfullscreen><\/iframe>\n<\/div><\/figure>\n\n\n\n<hr class=\"wp-block-separator has-css-opacity\" \/>\n\n\n\n<hr class=\"wp-block-separator has-css-opacity\" \/>\n\n\n\n<hr class=\"wp-block-separator has-css-opacity\" \/>\n","protected":false},"excerpt":{"rendered":"<p>GOSPEL SINF\u00d3NICO Pocas veces formaciones y lenguajes tan diferentes como los que representan la Banda Sinf\u00f3nica y los coros Messengers y Goizargi Gospel Choir, llegan a dialogar e interactuar entre ellas, pero en una \u00e9poca como la actual en la que los l\u00edmites son cada vez m\u00e1s difusos y las nuevas se\u00f1as de identidad son [&hellip;]<\/p>\n","protected":false},"author":2,"featured_media":0,"parent":290,"menu_order":0,"comment_status":"closed","ping_status":"closed","template":"","meta":{"_editorskit_title_hidden":false,"_editorskit_reading_time":1,"_editorskit_is_block_options_detached":false,"_editorskit_block_options_position":"{}","_genesis_hide_title":false,"_genesis_hide_breadcrumbs":false,"_genesis_hide_singular_image":false,"_genesis_hide_footer_widgets":false,"_genesis_custom_body_class":"","_genesis_custom_post_class":"","_genesis_layout":"","editor_notices":[],"footnotes":""},"class_list":{"0":"post-649","1":"page","2":"type-page","3":"status-publish","5":"entry"},"_links":{"self":[{"href":"https:\/\/ramonescale.com\/es\/wp-json\/wp\/v2\/pages\/649","targetHints":{"allow":["GET"]}}],"collection":[{"href":"https:\/\/ramonescale.com\/es\/wp-json\/wp\/v2\/pages"}],"about":[{"href":"https:\/\/ramonescale.com\/es\/wp-json\/wp\/v2\/types\/page"}],"author":[{"embeddable":true,"href":"https:\/\/ramonescale.com\/es\/wp-json\/wp\/v2\/users\/2"}],"replies":[{"embeddable":true,"href":"https:\/\/ramonescale.com\/es\/wp-json\/wp\/v2\/comments?post=649"}],"version-history":[{"count":12,"href":"https:\/\/ramonescale.com\/es\/wp-json\/wp\/v2\/pages\/649\/revisions"}],"predecessor-version":[{"id":826,"href":"https:\/\/ramonescale.com\/es\/wp-json\/wp\/v2\/pages\/649\/revisions\/826"}],"up":[{"embeddable":true,"href":"https:\/\/ramonescale.com\/es\/wp-json\/wp\/v2\/pages\/290"}],"wp:attachment":[{"href":"https:\/\/ramonescale.com\/es\/wp-json\/wp\/v2\/media?parent=649"}],"curies":[{"name":"wp","href":"https:\/\/api.w.org\/{rel}","templated":true}]}}